{"id":8031,"date":"2022-11-02T02:12:36","date_gmt":"2022-11-02T02:12:36","guid":{"rendered":"https:\/\/www.4ledlighting.com\/dienstleistungen-fuer-led-beleuchtung\/"},"modified":"2023-05-22T12:52:01","modified_gmt":"2023-05-22T12:52:01","slug":"dienstleistungen-fuer-led-beleuchtung","status":"publish","type":"page","link":"https:\/\/www.4ledlighting.com\/de\/dienstleistungen-fuer-led-beleuchtung\/","title":{"rendered":"Dienstleistungen f\u00fcr LED-Beleuchtung"},"content":{"rendered":"\n<div class=\"wp-block-cover alignfull is-light has-parallax\" style=\"min-height:50vh;aspect-ratio:unset;\"><span aria-hidden=\"true\" class=\"wp-block-cover__background has-background-dim-10 has-background-dim\" style=\"background-color:#000000\"><\/span><div role=\"img\" class=\"wp-block-cover__image-background wp-image-5856 has-parallax\" style=\"background-position:50% 50%;background-image:url(https:\/\/www.4ledlighting.com\/wp-content\/uploads\/2022\/12\/servicii-03-scaled.webp)\"><\/div><div class=\"wp-block-cover__inner-container is-layout-flow wp-block-cover-is-layout-flow\">\n<h2 class=\"servicii-h2 alignwide has-white-color has-text-color wp-block-heading\" style=\"font-size:48px;line-height:1.2\"><strong>Dienstleistungen f\u00fcr LED-Beleuchtung<\/strong><\/h2>\n\n\n\n<div class=\"wp-block-columns alignwide is-layout-flex wp-container-core-columns-is-layout-28f84493 wp-block-columns-is-layout-flex\">\n<div class=\"wp-block-column is-layout-flow wp-block-column-is-layout-flow\" style=\"flex-basis:60%\">\n<div class=\"wp-block-buttons is-layout-flex wp-block-buttons-is-layout-flex\"><\/div>\n<\/div>\n\n\n\n<div class=\"wp-block-column is-layout-flow wp-block-column-is-layout-flow\"><\/div>\n<\/div>\n<\/div><\/div>\n\n<div class=\"wp-block-columns are-vertically-aligned-center servicii-first-sec is-layout-flex wp-container-core-columns-is-layout-ef350914 wp-block-columns-is-layout-flex\" style=\"padding-top:var(--wp--preset--spacing--30);padding-bottom:var(--wp--preset--spacing--30)\">\n<div class=\"wp-block-column is-vertically-aligned-center serv-left is-layout-flow wp-block-column-is-layout-flow\" style=\"flex-basis:50%\">\n<p class=\"has-large-font-size\"><strong>Dienstleistung<\/strong><\/p>\n\n\n\n<p>ist die wichtigste Form der Wertsch\u00f6pfung f\u00fcr unsere Kunden.<\/p>\n\n\n\n<p>Ob Sie nun eine Kette mit 300 Gesch\u00e4ften oder eine medizinische Klinik, ein kleiner Baugruppenhersteller oder ein gro\u00dfer Technologiepark sind, 4LED bietet Ihnen einen kompletten Service: umfassende Beratung bei der Auswahl der am besten geeigneten Beleuchtungsl\u00f6sung, Systemplanung oder Leuchtendesign, Installation und Montage, Garantie und Service.<\/p>\n<\/div>\n\n\n\n<div class=\"wp-block-column is-vertically-aligned-center serv-right is-layout-flow wp-block-column-is-layout-flow\" style=\"flex-basis:50%\">\n<ul class=\"wp-block-list\">\n<li>Beratung<\/li>\n\n\n\n<li>Finanzierungsl\u00f6sungen<\/li>\n\n\n\n<li>Projektion und Design von LED-Systemen<\/li>\n\n\n\n<li>Audit und Ersatz-Nachr\u00fcstung<\/li>\n\n\n\n<li>Intelligente Steuerungsl\u00f6sungen<\/li>\n\n\n\n<li>Installation und Montage<\/li>\n\n\n\n<li>Garantie, Kundendienst, Reparaturen<\/li>\n<\/ul>\n<\/div>\n<\/div>\n\n<div class=\"wp-block-columns serv is-layout-flex wp-container-core-columns-is-layout-7abde1fe wp-block-columns-is-layout-flex\" style=\"padding-top:var(--wp--preset--spacing--40);padding-bottom:var(--wp--preset--spacing--40)\">\n<div class=\"wp-block-column serv-consult is-layout-flow wp-block-column-is-layout-flow\">\n<h3 class=\"wp-block-heading\" id=\"Consultanta\" style=\"font-size:2rem\">Beratung<\/h3>\n\n\n\n<p>Der erste Schritt beim Bau eines LED-Beleuchtungssystems besteht darin, die Anforderungen des Kunden zu ermitteln.<\/p>\n\n\n\n<p>F\u00fcr 4LED ist es sehr wichtig, Ihr Projekt ausf\u00fchrlich zu besprechen, um die besten L\u00f6sungen vorschlagen zu k\u00f6nnen.<\/p>\n\n\n\n<p>Auf der Grundlage der erhaltenen Informationen werden wir Simulationen, Effizienz- und Energieberechnungen, Kostenamortisationsberechnungen und verschiedene technische Studien vorlegen.<\/p>\n\n\n\n<p>Die vorgeschlagenen L\u00f6sungen sind immer <em>ECO Friendly<\/em>.<\/p>\n<\/div>\n\n\n\n<div class=\"wp-block-column serv-fin is-layout-flow wp-block-column-is-layout-flow\">\n<h3 class=\"wp-block-heading\" id=\"Finantare\" style=\"font-size:2rem\">Finanzierung<\/h3>\n\n\n\n<p>Ihr Gesch\u00e4ftskapital muss gesch\u00fctzt werden &#8211; deshalb bieten wir Finanzierungsm\u00f6glichkeiten, die einer hochwertigen LED-Beleuchtung nicht im Wege stehen.<\/p>\n\n\n\n<p>Nat\u00fcrlich k\u00f6nnen Sie sich entscheiden, ob Sie Beleuchtungssysteme kaufen, mieten oder leasen m\u00f6chten. 4LED unterst\u00fctzt Sie dabei zu 100%.<\/p>\n\n\n\n<p><strong>NEU<\/strong>! Mit <em>Light as a Service<\/em> (LaaS) k\u00f6nnen Sie nur die Leuchte mieten, ohne sich um die Ausr\u00fcstung, die Installation oder die Garantie k\u00fcmmern zu m\u00fcssen.<\/p>\n<\/div>\n<\/div>\n\n<div class=\"wp-block-columns serv is-layout-flex wp-container-core-columns-is-layout-7abde1fe wp-block-columns-is-layout-flex\" style=\"padding-top:var(--wp--preset--spacing--40);padding-bottom:var(--wp--preset--spacing--40)\">\n<div class=\"wp-block-column serv-consult is-layout-flow wp-block-column-is-layout-flow\">\n<h3 class=\"wp-block-heading\" id=\"Proiectare\" style=\"font-size:1.752rem\">Projektion und Design von LED-Systemen<\/h3>\n\n\n\n<p>F\u00fcr komplexe und atypische Situationen sind Standardl\u00f6sungen nicht die geeignetsten.<\/p>\n\n\n\n<p>In diesen F\u00e4llen bieten wir ma\u00dfgeschneiderte L\u00f6sungen an, die optimal auf die Gegebenheiten Ihres Projekts abgestimmt sind.<\/p>\n<\/div>\n\n\n\n<div class=\"wp-block-column serv-fin audit is-layout-flow wp-block-column-is-layout-flow\">\n<h3 class=\"wp-block-heading\" id=\"Retrofitting\" style=\"font-size:2rem\">Standort-Audit, Ersatz<em>&#8211;<\/em>Nachr\u00fcstungsl\u00f6sungen<\/h3>\n\n\n\n<p>Die Verwendung von LED-Beleuchtung wird nicht nur f\u00fcr neue Geb\u00e4ude empfohlen, sondern auch als Ersatz f\u00fcr ineffiziente Beleuchtungssysteme (Gl\u00fchbirnen oder Leuchtstoffr\u00f6hren).<\/p>\n\n\n\n<p>Sie haben die M\u00f6glichkeit, die bestehende Anlage beizubehalten und nur die Leuchten auszutauschen oder die gesamte Anlage auszutauschen, um eine breitere Produktpalette, eine h\u00f6here Effizienz und die M\u00f6glichkeit der Dimmung zu erhalten.<\/p>\n<\/div>\n<\/div>\n\n<div class=\"wp-block-columns serv is-layout-flex wp-container-core-columns-is-layout-7abde1fe wp-block-columns-is-layout-flex\" style=\"padding-top:var(--wp--preset--spacing--40);padding-bottom:var(--wp--preset--spacing--40)\">\n<div class=\"wp-block-column serv-consult is-layout-flow wp-block-column-is-layout-flow\">\n<h3 class=\"wp-block-heading\" id=\"SmartControl\" style=\"font-size:2rem\"><em>Intelligente<\/em> Steuerungsl\u00f6sungen (KNX, IoT)<\/h3>\n\n\n\n<p>Um die LED-Beleuchtung zu optimieren, empfehlen wir den Einsatz intelligenter Steuerungsl\u00f6sungen (DALI, KNX, IoT). Sie k\u00f6nnen in bestehende Systeme integriert oder \u00fcber Sensoren gesteuert werden.<\/p>\n\n\n\n<p>Mit zunehmender Effizienz bieten <em>intelligente<\/em> Steuerungsl\u00f6sungen eine bessere Benutzererfahrung (z. B. die M\u00f6glichkeit, die Lichtintensit\u00e4t fein einzustellen) sowie die M\u00f6glichkeit, Daten zu sammeln, die zu weiteren Optimierungen f\u00fchren.<\/p>\n<\/div>\n\n\n\n<div class=\"wp-block-column serv-fin is-layout-flow wp-block-column-is-layout-flow\">\n<h3 class=\"wp-block-heading\" id=\"Instalare\" style=\"font-size:2rem\">Installation und Montage<\/h3>\n\n\n\n<p>4LED verf\u00fcgt \u00fcber die Logistik und Kapazit\u00e4t, um komplexe LED-Systeme unabh\u00e4ngig vom Standort zu installieren und zu montieren.<\/p>\n\n\n\n<p>Ob Kaufhaus oder Arztpraxis, B\u00fcrogeb\u00e4ude oder Baugruppenfabrik: Sie k\u00f6nnen sich auf eine einwandfreie Ausf\u00fchrung verlassen.<\/p>\n<\/div>\n<\/div>\n\n<div class=\"wp-block-columns serv is-layout-flex wp-container-core-columns-is-layout-7abde1fe wp-block-columns-is-layout-flex\" style=\"padding-top:var(--wp--preset--spacing--40);padding-bottom:var(--wp--preset--spacing--40)\">\n<div class=\"wp-block-column serv-consult is-layout-flow wp-block-column-is-layout-flow\">\n<h3 class=\"wp-block-heading\" id=\"Garantie\" style=\"font-size:2rem\">Garantie, Service und Reparaturen<\/h3>\n\n\n\n<p>Alle Produkte und Dienstleistungen von 4LED sind gem\u00e4\u00df den Normen und Gesetzen garantiert.<\/p>\n\n\n\n<p>Wir bieten Garantie- und Nachgarantieservice und Reparaturen zur vollen Kundenzufriedenheit.<\/p>\n<\/div>\n\n\n\n<div class=\"wp-block-column serv-fin is-layout-flow wp-block-column-is-layout-flow\">\n<h4 class=\"has-large-font-size wp-block-heading\" id=\"Instalare\"><\/h4>\n<\/div>\n<\/div>\n","protected":false},"excerpt":{"rendered":"<p>Dienstleistung ist die wichtigste Form der Wertsch\u00f6pfung f\u00fcr unsere Kunden. Ob Sie nun eine Kette mit 300 Gesch\u00e4ften oder eine medizinische Klinik, ein kleiner Baugruppenhersteller oder ein gro\u00dfer Technologiepark sind, 4LED bietet Ihnen einen kompletten Service: umfassende Beratung bei der Auswahl der am besten geeigneten Beleuchtungsl\u00f6sung, Systemplanung oder Leuchtendesign, Installation und Montage, Garantie und Service. [&hellip;]<\/p>\n","protected":false},"author":6,"featured_media":0,"parent":0,"menu_order":0,"comment_status":"closed","ping_status":"closed","template":"","meta":{"footnotes":""},"class_list":["post-8031","page","type-page","status-publish","hentry"],"yoast_head":"<!-- This site is optimized with the Yoast SEO plugin v20.3 - https:\/\/yoast.com\/wordpress\/plugins\/seo\/ -->\n<title>Dienstleistungen f\u00fcr LED-Beleuchtung | 4LED<\/title>\n<meta name=\"description\" content=\"LED-Beleuchtungsdienstleistungen: Beratung; Finanzierungsl\u00f6sungen; Design-Design; Audit, Ersatz-\/Nachr\u00fcstung; Installation-Montage; Garantie-Service-Reparatur.\" \/>\n<meta name=\"robots\" content=\"index, follow, max-snippet:-1, max-image-preview:large, max-video-preview:-1\" \/>\n<link rel=\"canonical\" href=\"https:\/\/www.4ledlighting.com\/de\/dienstleistungen-fuer-led-beleuchtung\/\" \/>\n<meta property=\"og:locale\" content=\"de_DE\" \/>\n<meta property=\"og:type\" content=\"article\" \/>\n<meta property=\"og:title\" content=\"Dienstleistungen f\u00fcr LED-Beleuchtung | 4LED\" \/>\n<meta property=\"og:description\" content=\"LED-Beleuchtungsdienstleistungen: Beratung; Finanzierungsl\u00f6sungen; Design-Design; Audit, Ersatz-\/Nachr\u00fcstung; Installation-Montage; Garantie-Service-Reparatur.\" \/>\n<meta property=\"og:url\" content=\"https:\/\/www.4ledlighting.com\/de\/dienstleistungen-fuer-led-beleuchtung\/\" \/>\n<meta property=\"og:site_name\" content=\"4LED\" \/>\n<meta property=\"article:publisher\" content=\"https:\/\/www.facebook.com\/4led.ro\/\" \/>\n<meta property=\"article:modified_time\" content=\"2023-05-22T12:52:01+00:00\" \/>\n<meta name=\"twitter:card\" content=\"summary_large_image\" \/>\n<meta name=\"twitter:label1\" content=\"Gesch\u00e4tzte Lesezeit\" \/>\n\t<meta name=\"twitter:data1\" content=\"2\u00a0Minuten\" \/>\n<script type=\"application\/ld+json\" class=\"yoast-schema-graph\">{\"@context\":\"https:\/\/schema.org\",\"@graph\":[{\"@type\":\"WebPage\",\"@id\":\"https:\/\/www.4ledlighting.com\/de\/dienstleistungen-fuer-led-beleuchtung\/\",\"url\":\"https:\/\/www.4ledlighting.com\/de\/dienstleistungen-fuer-led-beleuchtung\/\",\"name\":\"Dienstleistungen f\u00fcr LED-Beleuchtung | 4LED\",\"isPartOf\":{\"@id\":\"https:\/\/www.4ledlighting.com\/#website\"},\"datePublished\":\"2022-11-02T02:12:36+00:00\",\"dateModified\":\"2023-05-22T12:52:01+00:00\",\"description\":\"LED-Beleuchtungsdienstleistungen: Beratung; Finanzierungsl\u00f6sungen; Design-Design; Audit, Ersatz-\/Nachr\u00fcstung; Installation-Montage; Garantie-Service-Reparatur.\",\"inLanguage\":\"de\",\"potentialAction\":[{\"@type\":\"ReadAction\",\"target\":[\"https:\/\/www.4ledlighting.com\/de\/dienstleistungen-fuer-led-beleuchtung\/\"]}]},{\"@type\":\"WebSite\",\"@id\":\"https:\/\/www.4ledlighting.com\/#website\",\"url\":\"https:\/\/www.4ledlighting.com\/\",\"name\":\"4LED\",\"description\":\"Iluminat LED: office, industrial, comercial, medical\",\"publisher\":{\"@id\":\"https:\/\/www.4ledlighting.com\/#organization\"},\"potentialAction\":[{\"@type\":\"SearchAction\",\"target\":{\"@type\":\"EntryPoint\",\"urlTemplate\":\"https:\/\/www.4ledlighting.com\/?s={search_term_string}\"},\"query-input\":\"required name=search_term_string\"}],\"inLanguage\":\"de\"},{\"@type\":\"Organization\",\"@id\":\"https:\/\/www.4ledlighting.com\/#organization\",\"name\":\"4LED\",\"url\":\"https:\/\/www.4ledlighting.com\/\",\"logo\":{\"@type\":\"ImageObject\",\"inLanguage\":\"de\",\"@id\":\"https:\/\/www.4ledlighting.com\/#\/schema\/logo\/image\/\",\"url\":\"https:\/\/www.4ledlighting.com\/wp-content\/uploads\/2022\/08\/Group-15.png\",\"contentUrl\":\"https:\/\/www.4ledlighting.com\/wp-content\/uploads\/2022\/08\/Group-15.png\",\"width\":55,\"height\":33,\"caption\":\"4LED\"},\"image\":{\"@id\":\"https:\/\/www.4ledlighting.com\/#\/schema\/logo\/image\/\"},\"sameAs\":[\"https:\/\/www.facebook.com\/4led.ro\/\",\"https:\/\/www.linkedin.com\/company\/4led-lighting\/\"]}]}<\/script>\n<!-- \/ Yoast SEO plugin. -->","yoast_head_json":{"title":"Dienstleistungen f\u00fcr LED-Beleuchtung | 4LED","description":"LED-Beleuchtungsdienstleistungen: Beratung; Finanzierungsl\u00f6sungen; Design-Design; Audit, Ersatz-\/Nachr\u00fcstung; Installation-Montage; Garantie-Service-Reparatur.","robots":{"index":"index","follow":"follow","max-snippet":"max-snippet:-1","max-image-preview":"max-image-preview:large","max-video-preview":"max-video-preview:-1"},"canonical":"https:\/\/www.4ledlighting.com\/de\/dienstleistungen-fuer-led-beleuchtung\/","og_locale":"de_DE","og_type":"article","og_title":"Dienstleistungen f\u00fcr LED-Beleuchtung | 4LED","og_description":"LED-Beleuchtungsdienstleistungen: Beratung; Finanzierungsl\u00f6sungen; Design-Design; Audit, Ersatz-\/Nachr\u00fcstung; Installation-Montage; Garantie-Service-Reparatur.","og_url":"https:\/\/www.4ledlighting.com\/de\/dienstleistungen-fuer-led-beleuchtung\/","og_site_name":"4LED","article_publisher":"https:\/\/www.facebook.com\/4led.ro\/","article_modified_time":"2023-05-22T12:52:01+00:00","twitter_card":"summary_large_image","twitter_misc":{"Gesch\u00e4tzte Lesezeit":"2\u00a0Minuten"},"schema":{"@context":"https:\/\/schema.org","@graph":[{"@type":"WebPage","@id":"https:\/\/www.4ledlighting.com\/de\/dienstleistungen-fuer-led-beleuchtung\/","url":"https:\/\/www.4ledlighting.com\/de\/dienstleistungen-fuer-led-beleuchtung\/","name":"Dienstleistungen f\u00fcr LED-Beleuchtung | 4LED","isPartOf":{"@id":"https:\/\/www.4ledlighting.com\/#website"},"datePublished":"2022-11-02T02:12:36+00:00","dateModified":"2023-05-22T12:52:01+00:00","description":"LED-Beleuchtungsdienstleistungen: Beratung; Finanzierungsl\u00f6sungen; Design-Design; Audit, Ersatz-\/Nachr\u00fcstung; Installation-Montage; Garantie-Service-Reparatur.","inLanguage":"de","potentialAction":[{"@type":"ReadAction","target":["https:\/\/www.4ledlighting.com\/de\/dienstleistungen-fuer-led-beleuchtung\/"]}]},{"@type":"WebSite","@id":"https:\/\/www.4ledlighting.com\/#website","url":"https:\/\/www.4ledlighting.com\/","name":"4LED","description":"Iluminat LED: office, industrial, comercial, medical","publisher":{"@id":"https:\/\/www.4ledlighting.com\/#organization"},"potentialAction":[{"@type":"SearchAction","target":{"@type":"EntryPoint","urlTemplate":"https:\/\/www.4ledlighting.com\/?s={search_term_string}"},"query-input":"required name=search_term_string"}],"inLanguage":"de"},{"@type":"Organization","@id":"https:\/\/www.4ledlighting.com\/#organization","name":"4LED","url":"https:\/\/www.4ledlighting.com\/","logo":{"@type":"ImageObject","inLanguage":"de","@id":"https:\/\/www.4ledlighting.com\/#\/schema\/logo\/image\/","url":"https:\/\/www.4ledlighting.com\/wp-content\/uploads\/2022\/08\/Group-15.png","contentUrl":"https:\/\/www.4ledlighting.com\/wp-content\/uploads\/2022\/08\/Group-15.png","width":55,"height":33,"caption":"4LED"},"image":{"@id":"https:\/\/www.4ledlighting.com\/#\/schema\/logo\/image\/"},"sameAs":["https:\/\/www.facebook.com\/4led.ro\/","https:\/\/www.linkedin.com\/company\/4led-lighting\/"]}]}},"_links":{"self":[{"href":"https:\/\/www.4ledlighting.com\/de\/wp-json\/wp\/v2\/pages\/8031","targetHints":{"allow":["GET"]}}],"collection":[{"href":"https:\/\/www.4ledlighting.com\/de\/wp-json\/wp\/v2\/pages"}],"about":[{"href":"https:\/\/www.4ledlighting.com\/de\/wp-json\/wp\/v2\/types\/page"}],"author":[{"embeddable":true,"href":"https:\/\/www.4ledlighting.com\/de\/wp-json\/wp\/v2\/users\/6"}],"replies":[{"embeddable":true,"href":"https:\/\/www.4ledlighting.com\/de\/wp-json\/wp\/v2\/comments?post=8031"}],"version-history":[{"count":1,"href":"https:\/\/www.4ledlighting.com\/de\/wp-json\/wp\/v2\/pages\/8031\/revisions"}],"predecessor-version":[{"id":8032,"href":"https:\/\/www.4ledlighting.com\/de\/wp-json\/wp\/v2\/pages\/8031\/revisions\/8032"}],"wp:attachment":[{"href":"https:\/\/www.4ledlighting.com\/de\/wp-json\/wp\/v2\/media?parent=8031"}],"curies":[{"name":"wp","href":"https:\/\/api.w.org\/{rel}","templated":true}]}}