{"id":8044,"date":"2022-11-08T10:16:17","date_gmt":"2022-11-08T10:16:17","guid":{"rendered":"https:\/\/www.4ledlighting.com\/product\/glam-square\/"},"modified":"2023-07-04T13:07:37","modified_gmt":"2023-07-04T13:07:37","slug":"glam-square","status":"publish","type":"product","link":"https:\/\/www.4ledlighting.com\/de\/produkt\/glam-square\/","title":{"rendered":"Glam Square"},"content":{"rendered":"<p><strong>Glam Square ist eine Leuchte mit direkter Beleuchtung, mit nat\u00fcrlicher wei\u00dfer Farbe oder mit der <span class=\"dia_suggestion w7\" contextmenu=\"true\">M\u00f6glichkeit<\/span>, die <span class=\"dia_suggestion w11\" contextmenu=\"true\">Intensit\u00e4t<\/span> <span class=\"dia_suggestion w12\" contextmenu=\"true\">und<\/span> Farbe des Lichts von warmem wei\u00df zu nat\u00fcrlichem und kaltem wei\u00df zu \u00e4ndern.<\/strong><\/p>\n<p>\u2014<br \/>\n<strong>Intro:<\/strong><\/p>\n<p>Montagetyp: angewendet<br \/>\nLED Typ: SMD<br \/>\nSpannung: 100-240VAC \/ 50-60Hz<br \/>\nBetriebstemperatur: -5\/+35\u00b0C<br \/>\nUGR: &lt; 19<br \/>\nCRI: &gt; 80<br \/>\nPF: &gt; 0.9<br \/>\nWinkel: 100\u00b0<\/p>\n<p>\u2014<\/p>\n<h6>Vorteile:<\/h6>\n<ul>\n<li>Modernes und einfaches Design<\/li>\n<li>Einfache Struktur, leicht zu installieren<\/li>\n<li>Steuerungsm\u00f6glichkeiten je nach Stimmung des Benutzers<\/li>\n<\/ul>\n<p>\u2014<\/p>\n<h6 class=\"et_pb_text_inner\">Dateien herunterladen:<\/h6>\n<ul>\n<li class=\"et_pb_text_inner\"><a href=\"\/wp-content\/uploads\/2023\/07\/Glam-Square-4LED-Product-sheet-DE.pdf\" target=\"_blank\" rel=\"noopener\">Produkt technischer Datenblatt (.pdf)<\/a><\/li>\n<li class=\"et_pb_text_inner\"><a href=\"\/wp-content\/uploads\/2023\/07\/Catalog-4LED-2022-GER-reduced-file-size.pdf\" target=\"_blank\" rel=\"noopener\">Produktkatalog 4LED<\/a><\/li>\n<\/ul>\n<p>\u2014<\/p>\n","protected":false},"excerpt":{"rendered":"<p>24W \u00bb 2640 Lm<\/p>\n","protected":false},"featured_media":6753,"template":"","meta":[],"product_cat":[154,156],"product_tag":[],"class_list":["post-8044","product","type-product","status-publish","has-post-thumbnail","hentry","product_cat-innenbereich","product_cat-decken-und-wandbefestigung"],"yoast_head":"<!-- This site is optimized with the Yoast SEO plugin v20.3 - https:\/\/yoast.com\/wordpress\/plugins\/seo\/ -->\n<title>Glam Square | 4LED<\/title>\n<meta name=\"description\" content=\"Glam Square ist eine Leuchte mit direkter Beleuchtung, mit nat\u00fcrlicher wei\u00dfer Farbe oder mit der M\u00f6glichkeit, die Intensit\u00e4t und Farbe des Lichts von warmem wei\u00df zu nat\u00fcrlichem und kaltem wei\u00df zu \u00e4ndern.\" \/>\n<meta name=\"robots\" content=\"index, follow, max-snippet:-1, max-image-preview:large, max-video-preview:-1\" \/>\n<link rel=\"canonical\" href=\"https:\/\/www.4ledlighting.com\/de\/produkt\/glam-square\/\" \/>\n<meta property=\"og:locale\" content=\"de_DE\" \/>\n<meta property=\"og:type\" content=\"article\" \/>\n<meta property=\"og:title\" content=\"Glam Square | 4LED\" \/>\n<meta property=\"og:description\" content=\"Glam Square ist eine Leuchte mit direkter Beleuchtung, mit nat\u00fcrlicher wei\u00dfer Farbe oder mit der M\u00f6glichkeit, die Intensit\u00e4t und Farbe des Lichts von warmem wei\u00df zu nat\u00fcrlichem und kaltem wei\u00df zu \u00e4ndern.\" \/>\n<meta property=\"og:url\" content=\"https:\/\/www.4ledlighting.com\/de\/produkt\/glam-square\/\" \/>\n<meta property=\"og:site_name\" content=\"4LED\" \/>\n<meta property=\"article:publisher\" content=\"https:\/\/www.facebook.com\/4led.ro\/\" \/>\n<meta property=\"article:modified_time\" content=\"2023-07-04T13:07:37+00:00\" \/>\n<meta property=\"og:image\" content=\"https:\/\/www.4ledlighting.com\/wp-content\/uploads\/2022\/11\/Glam_Square.webp\" \/>\n\t<meta property=\"og:image:width\" content=\"1200\" \/>\n\t<meta property=\"og:image:height\" content=\"1200\" \/>\n\t<meta property=\"og:image:type\" content=\"image\/webp\" \/>\n<meta name=\"twitter:card\" content=\"summary_large_image\" \/>\n<meta name=\"twitter:label1\" content=\"Gesch\u00e4tzte Lesezeit\" \/>\n\t<meta name=\"twitter:data1\" content=\"1\u00a0Minute\" \/>\n<script type=\"application\/ld+json\" class=\"yoast-schema-graph\">{\"@context\":\"https:\/\/schema.org\",\"@graph\":[{\"@type\":\"WebPage\",\"@id\":\"https:\/\/www.4ledlighting.com\/de\/produkt\/glam-square\/\",\"url\":\"https:\/\/www.4ledlighting.com\/de\/produkt\/glam-square\/\",\"name\":\"Glam Square | 4LED\",\"isPartOf\":{\"@id\":\"https:\/\/www.4ledlighting.com\/#website\"},\"datePublished\":\"2022-11-08T10:16:17+00:00\",\"dateModified\":\"2023-07-04T13:07:37+00:00\",\"description\":\"Glam Square ist eine Leuchte mit direkter Beleuchtung, mit nat\u00fcrlicher wei\u00dfer Farbe oder mit der M\u00f6glichkeit, die Intensit\u00e4t und Farbe des Lichts von warmem wei\u00df zu nat\u00fcrlichem und kaltem wei\u00df zu \u00e4ndern.\",\"breadcrumb\":{\"@id\":\"https:\/\/www.4ledlighting.com\/de\/produkt\/glam-square\/#breadcrumb\"},\"inLanguage\":\"de\",\"potentialAction\":[{\"@type\":\"ReadAction\",\"target\":[\"https:\/\/www.4ledlighting.com\/de\/produkt\/glam-square\/\"]}]},{\"@type\":\"BreadcrumbList\",\"@id\":\"https:\/\/www.4ledlighting.com\/de\/produkt\/glam-square\/#breadcrumb\",\"itemListElement\":[{\"@type\":\"ListItem\",\"position\":1,\"name\":\"LED-Beleuchtungsprodukte\",\"item\":\"https:\/\/www.4ledlighting.com\/de\/led-beleuchtungsprodukte\/\"},{\"@type\":\"ListItem\",\"position\":2,\"name\":\"Glam Square\"}]},{\"@type\":\"WebSite\",\"@id\":\"https:\/\/www.4ledlighting.com\/#website\",\"url\":\"https:\/\/www.4ledlighting.com\/\",\"name\":\"4LED\",\"description\":\"Iluminat LED: office, industrial, comercial, medical\",\"publisher\":{\"@id\":\"https:\/\/www.4ledlighting.com\/#organization\"},\"potentialAction\":[{\"@type\":\"SearchAction\",\"target\":{\"@type\":\"EntryPoint\",\"urlTemplate\":\"https:\/\/www.4ledlighting.com\/?s={search_term_string}\"},\"query-input\":\"required name=search_term_string\"}],\"inLanguage\":\"de\"},{\"@type\":\"Organization\",\"@id\":\"https:\/\/www.4ledlighting.com\/#organization\",\"name\":\"4LED\",\"url\":\"https:\/\/www.4ledlighting.com\/\",\"logo\":{\"@type\":\"ImageObject\",\"inLanguage\":\"de\",\"@id\":\"https:\/\/www.4ledlighting.com\/#\/schema\/logo\/image\/\",\"url\":\"https:\/\/www.4ledlighting.com\/wp-content\/uploads\/2022\/08\/Group-15.png\",\"contentUrl\":\"https:\/\/www.4ledlighting.com\/wp-content\/uploads\/2022\/08\/Group-15.png\",\"width\":55,\"height\":33,\"caption\":\"4LED\"},\"image\":{\"@id\":\"https:\/\/www.4ledlighting.com\/#\/schema\/logo\/image\/\"},\"sameAs\":[\"https:\/\/www.facebook.com\/4led.ro\/\",\"https:\/\/www.linkedin.com\/company\/4led-lighting\/\"]}]}<\/script>\n<!-- \/ Yoast SEO plugin. -->","yoast_head_json":{"title":"Glam Square | 4LED","description":"Glam Square ist eine Leuchte mit direkter Beleuchtung, mit nat\u00fcrlicher wei\u00dfer Farbe oder mit der M\u00f6glichkeit, die Intensit\u00e4t und Farbe des Lichts von warmem wei\u00df zu nat\u00fcrlichem und kaltem wei\u00df zu \u00e4ndern.","robots":{"index":"index","follow":"follow","max-snippet":"max-snippet:-1","max-image-preview":"max-image-preview:large","max-video-preview":"max-video-preview:-1"},"canonical":"https:\/\/www.4ledlighting.com\/de\/produkt\/glam-square\/","og_locale":"de_DE","og_type":"article","og_title":"Glam Square | 4LED","og_description":"Glam Square ist eine Leuchte mit direkter Beleuchtung, mit nat\u00fcrlicher wei\u00dfer Farbe oder mit der M\u00f6glichkeit, die Intensit\u00e4t und Farbe des Lichts von warmem wei\u00df zu nat\u00fcrlichem und kaltem wei\u00df zu \u00e4ndern.","og_url":"https:\/\/www.4ledlighting.com\/de\/produkt\/glam-square\/","og_site_name":"4LED","article_publisher":"https:\/\/www.facebook.com\/4led.ro\/","article_modified_time":"2023-07-04T13:07:37+00:00","og_image":[{"width":1200,"height":1200,"url":"https:\/\/www.4ledlighting.com\/wp-content\/uploads\/2022\/11\/Glam_Square.webp","type":"image\/webp"}],"twitter_card":"summary_large_image","twitter_misc":{"Gesch\u00e4tzte Lesezeit":"1\u00a0Minute"},"schema":{"@context":"https:\/\/schema.org","@graph":[{"@type":"WebPage","@id":"https:\/\/www.4ledlighting.com\/de\/produkt\/glam-square\/","url":"https:\/\/www.4ledlighting.com\/de\/produkt\/glam-square\/","name":"Glam Square | 4LED","isPartOf":{"@id":"https:\/\/www.4ledlighting.com\/#website"},"datePublished":"2022-11-08T10:16:17+00:00","dateModified":"2023-07-04T13:07:37+00:00","description":"Glam Square ist eine Leuchte mit direkter Beleuchtung, mit nat\u00fcrlicher wei\u00dfer Farbe oder mit der M\u00f6glichkeit, die Intensit\u00e4t und Farbe des Lichts von warmem wei\u00df zu nat\u00fcrlichem und kaltem wei\u00df zu \u00e4ndern.","breadcrumb":{"@id":"https:\/\/www.4ledlighting.com\/de\/produkt\/glam-square\/#breadcrumb"},"inLanguage":"de","potentialAction":[{"@type":"ReadAction","target":["https:\/\/www.4ledlighting.com\/de\/produkt\/glam-square\/"]}]},{"@type":"BreadcrumbList","@id":"https:\/\/www.4ledlighting.com\/de\/produkt\/glam-square\/#breadcrumb","itemListElement":[{"@type":"ListItem","position":1,"name":"LED-Beleuchtungsprodukte","item":"https:\/\/www.4ledlighting.com\/de\/led-beleuchtungsprodukte\/"},{"@type":"ListItem","position":2,"name":"Glam Square"}]},{"@type":"WebSite","@id":"https:\/\/www.4ledlighting.com\/#website","url":"https:\/\/www.4ledlighting.com\/","name":"4LED","description":"Iluminat LED: office, industrial, comercial, medical","publisher":{"@id":"https:\/\/www.4ledlighting.com\/#organization"},"potentialAction":[{"@type":"SearchAction","target":{"@type":"EntryPoint","urlTemplate":"https:\/\/www.4ledlighting.com\/?s={search_term_string}"},"query-input":"required name=search_term_string"}],"inLanguage":"de"},{"@type":"Organization","@id":"https:\/\/www.4ledlighting.com\/#organization","name":"4LED","url":"https:\/\/www.4ledlighting.com\/","logo":{"@type":"ImageObject","inLanguage":"de","@id":"https:\/\/www.4ledlighting.com\/#\/schema\/logo\/image\/","url":"https:\/\/www.4ledlighting.com\/wp-content\/uploads\/2022\/08\/Group-15.png","contentUrl":"https:\/\/www.4ledlighting.com\/wp-content\/uploads\/2022\/08\/Group-15.png","width":55,"height":33,"caption":"4LED"},"image":{"@id":"https:\/\/www.4ledlighting.com\/#\/schema\/logo\/image\/"},"sameAs":["https:\/\/www.facebook.com\/4led.ro\/","https:\/\/www.linkedin.com\/company\/4led-lighting\/"]}]}},"_links":{"self":[{"href":"https:\/\/www.4ledlighting.com\/de\/wp-json\/wp\/v2\/product\/8044","targetHints":{"allow":["GET"]}}],"collection":[{"href":"https:\/\/www.4ledlighting.com\/de\/wp-json\/wp\/v2\/product"}],"about":[{"href":"https:\/\/www.4ledlighting.com\/de\/wp-json\/wp\/v2\/types\/product"}],"wp:featuredmedia":[{"embeddable":true,"href":"https:\/\/www.4ledlighting.com\/de\/wp-json\/wp\/v2\/media\/6753"}],"wp:attachment":[{"href":"https:\/\/www.4ledlighting.com\/de\/wp-json\/wp\/v2\/media?parent=8044"}],"wp:term":[{"taxonomy":"product_cat","embeddable":true,"href":"https:\/\/www.4ledlighting.com\/de\/wp-json\/wp\/v2\/product_cat?post=8044"},{"taxonomy":"product_tag","embeddable":true,"href":"https:\/\/www.4ledlighting.com\/de\/wp-json\/wp\/v2\/product_tag?post=8044"}],"curies":[{"name":"wp","href":"https:\/\/api.w.org\/{rel}","templated":true}]}}