{"id":8050,"date":"2022-11-08T10:56:42","date_gmt":"2022-11-08T10:56:42","guid":{"rendered":"https:\/\/www.4ledlighting.com\/product\/moon-round\/"},"modified":"2023-07-04T13:08:57","modified_gmt":"2023-07-04T13:08:57","slug":"moon-round","status":"publish","type":"product","link":"https:\/\/www.4ledlighting.com\/de\/produkt\/moon-round\/","title":{"rendered":"Moon Round"},"content":{"rendered":"<p><strong>Die Moon Round LED Wandleuchte kann herk\u00f6mmliche Leuchten perfekt ersetzen. Dank des Lichtleiters verf\u00fcgt Moon \u00fcber einen gleichm\u00e4\u00dfigen und effizienten Lichtstrahl, eine geringe Blendung, einen niedrigen Reflexionsfaktor und einen hervorragenden Augenschutz.<\/strong><\/p>\n<p>\u2014<br \/>\n<strong>Intro:<\/strong><\/p>\n<p>Montagetyp: angewendet<br \/>\nLED Typ: SMD<br \/>\nSpannung: 200-240VAC \/ 50-60Hz<br \/>\nBetriebstemperatur: -10\/+40\u00b0C<br \/>\nUGR: &lt; 19<br \/>\nCRI: &gt; 80<br \/>\nPF: &gt; 0.9<br \/>\nWinkel: 120\u00b0<\/p>\n<p>\u2014<\/p>\n<h6>Vorteile:<\/h6>\n<ul>\n<li>Modernes und einfaches Design<\/li>\n<li>Einfache Struktur, leicht zu installieren<\/li>\n<li>Energiesparend und umweltfreundlich, CE RoHS-konform.<\/li>\n<\/ul>\n<p>\u2014<\/p>\n<h6>K\u00f6rper, Optik:<\/h6>\n<ul>\n<li>Metallgeh\u00e4use, elektrostatisch lackiert<\/li>\n<li>PMMA-Dispergierer, mattwei\u00df, fein strukturiert.<\/li>\n<\/ul>\n<div class=\"et_pb_section et_pb_section_2 et_section_regular\">\n<div class=\"et_pb_row et_pb_row_1\">\n<div class=\"et_pb_column et_pb_column_4_4 et_pb_column_2 et_pb_css_mix_blend_mode_passthrough et-last-child\">\n<div class=\"et_pb_module et_pb_text et_pb_text_1 et_pb_text_align_left et_pb_bg_layout_light\">\n<div class=\"et_pb_text_inner\">\n<p>\u2014<\/p>\n<\/div>\n<\/div>\n<\/div>\n<\/div>\n<\/div>\n<div class=\"et_pb_with_border et_pb_section et_pb_section_3 et_section_regular\">\n<div class=\"et_pb_row et_pb_row_2\">\n<div class=\"et_pb_column et_pb_column_4_4 et_pb_column_3 et_pb_css_mix_blend_mode_passthrough et-last-child\">\n<div class=\"et_pb_module et_pb_text et_pb_text_2 et_pb_text_align_left et_pb_bg_layout_light\">\n<h6 class=\"et_pb_text_inner\">Dateien herunterladen:<\/h6>\n<ul>\n<li class=\"et_pb_text_inner\"><a href=\"\/wp-content\/uploads\/2023\/07\/Moon-Round-4LED-Product-sheet-DE.pdf\" target=\"_blank\" rel=\"noopener\">Produkt technischer Datenblatt (.pdf)<\/a><\/li>\n<li class=\"et_pb_text_inner\"><a href=\"\/wp-content\/uploads\/2023\/07\/Catalog-4LED-2022-GER-reduced-file-size.pdf\" target=\"_blank\" rel=\"noopener\">Produktkatalog 4LED<\/a><\/li>\n<\/ul>\n<p>\u2014<\/p>\n<\/div>\n<\/div>\n<\/div>\n<\/div>\n","protected":false},"excerpt":{"rendered":"<p>18W \u00bb 1620 Lm<\/p>\n","protected":false},"featured_media":6756,"template":"","meta":[],"product_cat":[154,156],"product_tag":[],"class_list":["post-8050","product","type-product","status-publish","has-post-thumbnail","hentry","product_cat-innenbereich","product_cat-decken-und-wandbefestigung"],"yoast_head":"<!-- This site is optimized with the Yoast SEO plugin v20.3 - https:\/\/yoast.com\/wordpress\/plugins\/seo\/ -->\n<title>Moon Round | 4LED<\/title>\n<meta name=\"description\" content=\"Die Moon Round LED Wandleuchte kann herk\u00f6mmliche Leuchten perfekt ersetzen. Dank des Lichtleiters verf\u00fcgt Moon \u00fcber einen gleichm\u00e4\u00dfigen und effizienten Lichtstrahl, eine geringe Blendung, einen niedrigen Reflexionsfaktor und einen hervorragenden Augenschutz.\" \/>\n<meta name=\"robots\" content=\"index, follow, max-snippet:-1, max-image-preview:large, max-video-preview:-1\" \/>\n<link rel=\"canonical\" href=\"https:\/\/www.4ledlighting.com\/de\/produkt\/moon-round\/\" \/>\n<meta property=\"og:locale\" content=\"de_DE\" \/>\n<meta property=\"og:type\" content=\"article\" \/>\n<meta property=\"og:title\" content=\"Moon Round | 4LED\" \/>\n<meta property=\"og:description\" content=\"Die Moon Round LED Wandleuchte kann herk\u00f6mmliche Leuchten perfekt ersetzen. Dank des Lichtleiters verf\u00fcgt Moon \u00fcber einen gleichm\u00e4\u00dfigen und effizienten Lichtstrahl, eine geringe Blendung, einen niedrigen Reflexionsfaktor und einen hervorragenden Augenschutz.\" \/>\n<meta property=\"og:url\" content=\"https:\/\/www.4ledlighting.com\/de\/produkt\/moon-round\/\" \/>\n<meta property=\"og:site_name\" content=\"4LED\" \/>\n<meta property=\"article:publisher\" content=\"https:\/\/www.facebook.com\/4led.ro\/\" \/>\n<meta property=\"article:modified_time\" content=\"2023-07-04T13:08:57+00:00\" \/>\n<meta property=\"og:image\" content=\"https:\/\/www.4ledlighting.com\/wp-content\/uploads\/2022\/11\/Moon_Round.webp\" \/>\n\t<meta property=\"og:image:width\" content=\"1200\" \/>\n\t<meta property=\"og:image:height\" content=\"1200\" \/>\n\t<meta property=\"og:image:type\" content=\"image\/webp\" \/>\n<meta name=\"twitter:card\" content=\"summary_large_image\" \/>\n<meta name=\"twitter:label1\" content=\"Gesch\u00e4tzte Lesezeit\" \/>\n\t<meta name=\"twitter:data1\" content=\"1\u00a0Minute\" \/>\n<script type=\"application\/ld+json\" class=\"yoast-schema-graph\">{\"@context\":\"https:\/\/schema.org\",\"@graph\":[{\"@type\":\"WebPage\",\"@id\":\"https:\/\/www.4ledlighting.com\/de\/produkt\/moon-round\/\",\"url\":\"https:\/\/www.4ledlighting.com\/de\/produkt\/moon-round\/\",\"name\":\"Moon Round | 4LED\",\"isPartOf\":{\"@id\":\"https:\/\/www.4ledlighting.com\/#website\"},\"datePublished\":\"2022-11-08T10:56:42+00:00\",\"dateModified\":\"2023-07-04T13:08:57+00:00\",\"description\":\"Die Moon Round LED Wandleuchte kann herk\u00f6mmliche Leuchten perfekt ersetzen. Dank des Lichtleiters verf\u00fcgt Moon \u00fcber einen gleichm\u00e4\u00dfigen und effizienten Lichtstrahl, eine geringe Blendung, einen niedrigen Reflexionsfaktor und einen hervorragenden Augenschutz.\",\"breadcrumb\":{\"@id\":\"https:\/\/www.4ledlighting.com\/de\/produkt\/moon-round\/#breadcrumb\"},\"inLanguage\":\"de\",\"potentialAction\":[{\"@type\":\"ReadAction\",\"target\":[\"https:\/\/www.4ledlighting.com\/de\/produkt\/moon-round\/\"]}]},{\"@type\":\"BreadcrumbList\",\"@id\":\"https:\/\/www.4ledlighting.com\/de\/produkt\/moon-round\/#breadcrumb\",\"itemListElement\":[{\"@type\":\"ListItem\",\"position\":1,\"name\":\"LED-Beleuchtungsprodukte\",\"item\":\"https:\/\/www.4ledlighting.com\/de\/led-beleuchtungsprodukte\/\"},{\"@type\":\"ListItem\",\"position\":2,\"name\":\"Moon Round\"}]},{\"@type\":\"WebSite\",\"@id\":\"https:\/\/www.4ledlighting.com\/#website\",\"url\":\"https:\/\/www.4ledlighting.com\/\",\"name\":\"4LED\",\"description\":\"Iluminat LED: office, industrial, comercial, medical\",\"publisher\":{\"@id\":\"https:\/\/www.4ledlighting.com\/#organization\"},\"potentialAction\":[{\"@type\":\"SearchAction\",\"target\":{\"@type\":\"EntryPoint\",\"urlTemplate\":\"https:\/\/www.4ledlighting.com\/?s={search_term_string}\"},\"query-input\":\"required name=search_term_string\"}],\"inLanguage\":\"de\"},{\"@type\":\"Organization\",\"@id\":\"https:\/\/www.4ledlighting.com\/#organization\",\"name\":\"4LED\",\"url\":\"https:\/\/www.4ledlighting.com\/\",\"logo\":{\"@type\":\"ImageObject\",\"inLanguage\":\"de\",\"@id\":\"https:\/\/www.4ledlighting.com\/#\/schema\/logo\/image\/\",\"url\":\"https:\/\/www.4ledlighting.com\/wp-content\/uploads\/2022\/08\/Group-15.png\",\"contentUrl\":\"https:\/\/www.4ledlighting.com\/wp-content\/uploads\/2022\/08\/Group-15.png\",\"width\":55,\"height\":33,\"caption\":\"4LED\"},\"image\":{\"@id\":\"https:\/\/www.4ledlighting.com\/#\/schema\/logo\/image\/\"},\"sameAs\":[\"https:\/\/www.facebook.com\/4led.ro\/\",\"https:\/\/www.linkedin.com\/company\/4led-lighting\/\"]}]}<\/script>\n<!-- \/ Yoast SEO plugin. -->","yoast_head_json":{"title":"Moon Round | 4LED","description":"Die Moon Round LED Wandleuchte kann herk\u00f6mmliche Leuchten perfekt ersetzen. Dank des Lichtleiters verf\u00fcgt Moon \u00fcber einen gleichm\u00e4\u00dfigen und effizienten Lichtstrahl, eine geringe Blendung, einen niedrigen Reflexionsfaktor und einen hervorragenden Augenschutz.","robots":{"index":"index","follow":"follow","max-snippet":"max-snippet:-1","max-image-preview":"max-image-preview:large","max-video-preview":"max-video-preview:-1"},"canonical":"https:\/\/www.4ledlighting.com\/de\/produkt\/moon-round\/","og_locale":"de_DE","og_type":"article","og_title":"Moon Round | 4LED","og_description":"Die Moon Round LED Wandleuchte kann herk\u00f6mmliche Leuchten perfekt ersetzen. Dank des Lichtleiters verf\u00fcgt Moon \u00fcber einen gleichm\u00e4\u00dfigen und effizienten Lichtstrahl, eine geringe Blendung, einen niedrigen Reflexionsfaktor und einen hervorragenden Augenschutz.","og_url":"https:\/\/www.4ledlighting.com\/de\/produkt\/moon-round\/","og_site_name":"4LED","article_publisher":"https:\/\/www.facebook.com\/4led.ro\/","article_modified_time":"2023-07-04T13:08:57+00:00","og_image":[{"width":1200,"height":1200,"url":"https:\/\/www.4ledlighting.com\/wp-content\/uploads\/2022\/11\/Moon_Round.webp","type":"image\/webp"}],"twitter_card":"summary_large_image","twitter_misc":{"Gesch\u00e4tzte Lesezeit":"1\u00a0Minute"},"schema":{"@context":"https:\/\/schema.org","@graph":[{"@type":"WebPage","@id":"https:\/\/www.4ledlighting.com\/de\/produkt\/moon-round\/","url":"https:\/\/www.4ledlighting.com\/de\/produkt\/moon-round\/","name":"Moon Round | 4LED","isPartOf":{"@id":"https:\/\/www.4ledlighting.com\/#website"},"datePublished":"2022-11-08T10:56:42+00:00","dateModified":"2023-07-04T13:08:57+00:00","description":"Die Moon Round LED Wandleuchte kann herk\u00f6mmliche Leuchten perfekt ersetzen. Dank des Lichtleiters verf\u00fcgt Moon \u00fcber einen gleichm\u00e4\u00dfigen und effizienten Lichtstrahl, eine geringe Blendung, einen niedrigen Reflexionsfaktor und einen hervorragenden Augenschutz.","breadcrumb":{"@id":"https:\/\/www.4ledlighting.com\/de\/produkt\/moon-round\/#breadcrumb"},"inLanguage":"de","potentialAction":[{"@type":"ReadAction","target":["https:\/\/www.4ledlighting.com\/de\/produkt\/moon-round\/"]}]},{"@type":"BreadcrumbList","@id":"https:\/\/www.4ledlighting.com\/de\/produkt\/moon-round\/#breadcrumb","itemListElement":[{"@type":"ListItem","position":1,"name":"LED-Beleuchtungsprodukte","item":"https:\/\/www.4ledlighting.com\/de\/led-beleuchtungsprodukte\/"},{"@type":"ListItem","position":2,"name":"Moon Round"}]},{"@type":"WebSite","@id":"https:\/\/www.4ledlighting.com\/#website","url":"https:\/\/www.4ledlighting.com\/","name":"4LED","description":"Iluminat LED: office, industrial, comercial, medical","publisher":{"@id":"https:\/\/www.4ledlighting.com\/#organization"},"potentialAction":[{"@type":"SearchAction","target":{"@type":"EntryPoint","urlTemplate":"https:\/\/www.4ledlighting.com\/?s={search_term_string}"},"query-input":"required name=search_term_string"}],"inLanguage":"de"},{"@type":"Organization","@id":"https:\/\/www.4ledlighting.com\/#organization","name":"4LED","url":"https:\/\/www.4ledlighting.com\/","logo":{"@type":"ImageObject","inLanguage":"de","@id":"https:\/\/www.4ledlighting.com\/#\/schema\/logo\/image\/","url":"https:\/\/www.4ledlighting.com\/wp-content\/uploads\/2022\/08\/Group-15.png","contentUrl":"https:\/\/www.4ledlighting.com\/wp-content\/uploads\/2022\/08\/Group-15.png","width":55,"height":33,"caption":"4LED"},"image":{"@id":"https:\/\/www.4ledlighting.com\/#\/schema\/logo\/image\/"},"sameAs":["https:\/\/www.facebook.com\/4led.ro\/","https:\/\/www.linkedin.com\/company\/4led-lighting\/"]}]}},"_links":{"self":[{"href":"https:\/\/www.4ledlighting.com\/de\/wp-json\/wp\/v2\/product\/8050","targetHints":{"allow":["GET"]}}],"collection":[{"href":"https:\/\/www.4ledlighting.com\/de\/wp-json\/wp\/v2\/product"}],"about":[{"href":"https:\/\/www.4ledlighting.com\/de\/wp-json\/wp\/v2\/types\/product"}],"wp:featuredmedia":[{"embeddable":true,"href":"https:\/\/www.4ledlighting.com\/de\/wp-json\/wp\/v2\/media\/6756"}],"wp:attachment":[{"href":"https:\/\/www.4ledlighting.com\/de\/wp-json\/wp\/v2\/media?parent=8050"}],"wp:term":[{"taxonomy":"product_cat","embeddable":true,"href":"https:\/\/www.4ledlighting.com\/de\/wp-json\/wp\/v2\/product_cat?post=8050"},{"taxonomy":"product_tag","embeddable":true,"href":"https:\/\/www.4ledlighting.com\/de\/wp-json\/wp\/v2\/product_tag?post=8050"}],"curies":[{"name":"wp","href":"https:\/\/api.w.org\/{rel}","templated":true}]}}