{"id":8060,"date":"2022-11-09T08:17:10","date_gmt":"2022-11-09T08:17:10","guid":{"rendered":"https:\/\/www.4ledlighting.com\/product\/tona-3pn\/"},"modified":"2023-07-04T13:18:56","modified_gmt":"2023-07-04T13:18:56","slug":"tona-3pn","status":"publish","type":"product","link":"https:\/\/www.4ledlighting.com\/de\/produkt\/tona-3pn\/","title":{"rendered":"Tona 3PN"},"content":{"rendered":"<div class=\"et_pb_section et_pb_section_2 et_section_regular\">\n<div class=\"et_pb_row et_pb_row_1\">\n<div class=\"et_pb_column et_pb_column_4_4 et_pb_column_2 et_pb_css_mix_blend_mode_passthrough et-last-child\">\n<div class=\"et_pb_module et_pb_text et_pb_text_1 et_pb_text_align_left et_pb_bg_layout_light\">\n<div class=\"et_pb_text_inner\">\n<p><strong>Die Dreifachschutzlampe Tona 3P wird normalerweise in Umgebungen eingesetzt, die Wasserbest\u00e4ndigkeit, Staubbest\u00e4ndigkeit und Korrosionsbest\u00e4ndigkeit erfordern. Es kann aufgeh\u00e4ngt oder h\u00e4ngend montiert werden. Aluminiumlegierung und PC sorgen f\u00fcr einen stabilen Betrieb in verschiedenen Umgebungen. Es wird h\u00e4ufig in Einkaufszentren, Lagerh\u00e4usern und anderen Innenr\u00e4umen eingesetzt.<\/strong><\/p>\n<p>\u2014<br \/>\n<b>Anwendungen:<\/b><br \/>\nIndustrie \/ Parrkh\u00e4user \/ Gewerbe \/ Medizinisch \/ Keller \/ Lagerh\u00e4user<\/p>\n<p><strong>Intro:<\/strong><\/p>\n<p>Montagetyp: aufgeh\u00e4ngt, angewendet<br \/>\nLED Typ: SMD<br \/>\nSpannung: 100-240VAC \/ 50-60Hz<br \/>\nBetriebstemperatur: -20\/+35\u00b0C<br \/>\nUGR: &lt; 19<br \/>\nCRI: &gt; 80<br \/>\nPF: &gt; 0.95<br \/>\nWinkel: 120\u00b0<\/p>\n<p>\u2014<\/p>\n<h6>Vorteile:<\/h6>\n<ul>\n<li>Es kann h\u00e4ufig eingeschaltet werden, ohne zu flackern<\/li>\n<li>Abschlussscheibe mit hoher Lichtwirkung, gleichm\u00e4\u00dfige Ausleuchtung<\/li>\n<li>Hervorragender Schutz und Kratzfestigkeit<\/li>\n<li>Korrosionsbest\u00e4ndigkeit<\/li>\n<li>Kompaktes Aussehen, einfach zu installieren und zu tragen<\/li>\n<li>Es kann auf Metallwellen montiert werden<\/li>\n<\/ul>\n<p>\u2014<\/p>\n<h6>K\u00f6rper, Optik:<\/h6>\n<ul>\n<li>Geh\u00e4use aus Polycarbonat.<\/li>\n<li>Diffusor aus mattem, milchigem oder gestreiftem Polycarbonat.<\/li>\n<\/ul>\n<div class=\"et_pb_section et_pb_section_2 et_section_regular\">\n<div class=\"et_pb_row et_pb_row_1\">\n<div class=\"et_pb_column et_pb_column_4_4 et_pb_column_2 et_pb_css_mix_blend_mode_passthrough et-last-child\">\n<div class=\"et_pb_module et_pb_text et_pb_text_1 et_pb_text_align_left et_pb_bg_layout_light\">\n<div class=\"et_pb_text_inner\">\n<p>\u2014<\/p>\n<\/div>\n<\/div>\n<\/div>\n<\/div>\n<\/div>\n<div class=\"et_pb_with_border et_pb_section et_pb_section_3 et_section_regular\">\n<div class=\"et_pb_row et_pb_row_2\">\n<div class=\"et_pb_column et_pb_column_4_4 et_pb_column_3 et_pb_css_mix_blend_mode_passthrough et-last-child\">\n<div class=\"et_pb_module et_pb_text et_pb_text_2 et_pb_text_align_left et_pb_bg_layout_light\">\n<h6 class=\"et_pb_text_inner\">Dateien herunterladen:<\/h6>\n<ul>\n<li class=\"et_pb_text_inner\"><a href=\"\/wp-content\/uploads\/2023\/07\/Tona3P_DE_noaddress.pdf\" target=\"_blank\" rel=\"noopener\">Produkt technischer Datenblatt (.pdf)<\/a><\/li>\n<li class=\"et_pb_text_inner\"><a href=\"\/wp-content\/uploads\/2023\/01\/Tona-IES-files.zip\">Dateien .ies zum Produkt (.zip Archiv)<\/a><\/li>\n<li class=\"et_pb_text_inner\"><a href=\"\/wp-content\/uploads\/2023\/07\/Catalog-4LED-2022-GER-reduced-file-size.pdf\" target=\"_blank\" rel=\"noopener\">Produktkatalog 4LED<\/a><\/li>\n<\/ul>\n<p>\u2014<\/p>\n<\/div>\n<\/div>\n<\/div>\n<\/div>\n<\/div>\n<\/div>\n<\/div>\n<\/div>\n<\/div>\n","protected":false},"excerpt":{"rendered":"<p>20 W \u00bb 1850 Lm<br \/>\n40 W \u00bb 3870 Lm<br \/>\n50 W \u00bb 5300 Lm<\/p>\n","protected":false},"featured_media":6760,"template":"","meta":[],"product_cat":[154,166],"product_tag":[],"class_list":["post-8060","product","type-product","status-publish","has-post-thumbnail","hentry","product_cat-innenbereich","product_cat-industrielle-einrichtungen"],"yoast_head":"<!-- This site is optimized with the Yoast SEO plugin v20.3 - https:\/\/yoast.com\/wordpress\/plugins\/seo\/ -->\n<title>Tona 3PN | 4LED<\/title>\n<meta name=\"description\" content=\"Die Dreifachschutzlampe Tona 3P wird normalerweise in Umgebungen eingesetzt, die Wasserbest\u00e4ndigkeit, Staubbest\u00e4ndigkeit und Korrosionsbest\u00e4ndigkeit erfordern. Es kann aufgeh\u00e4ngt oder h\u00e4ngend montiert werden. Aluminiumlegierung und PC sorgen f\u00fcr einen stabilen Betrieb in verschiedenen Umgebungen. Es wird h\u00e4ufig in Einkaufszentren, Lagerh\u00e4usern und anderen Innenr\u00e4umen eingesetzt.\" \/>\n<meta name=\"robots\" content=\"index, follow, max-snippet:-1, max-image-preview:large, max-video-preview:-1\" \/>\n<link rel=\"canonical\" href=\"https:\/\/www.4ledlighting.com\/de\/produkt\/tona-3pn\/\" \/>\n<meta property=\"og:locale\" content=\"de_DE\" \/>\n<meta property=\"og:type\" content=\"article\" \/>\n<meta property=\"og:title\" content=\"Tona 3PN | 4LED\" \/>\n<meta property=\"og:description\" content=\"Die Dreifachschutzlampe Tona 3P wird normalerweise in Umgebungen eingesetzt, die Wasserbest\u00e4ndigkeit, Staubbest\u00e4ndigkeit und Korrosionsbest\u00e4ndigkeit erfordern. Es kann aufgeh\u00e4ngt oder h\u00e4ngend montiert werden. Aluminiumlegierung und PC sorgen f\u00fcr einen stabilen Betrieb in verschiedenen Umgebungen. Es wird h\u00e4ufig in Einkaufszentren, Lagerh\u00e4usern und anderen Innenr\u00e4umen eingesetzt.\" \/>\n<meta property=\"og:url\" content=\"https:\/\/www.4ledlighting.com\/de\/produkt\/tona-3pn\/\" \/>\n<meta property=\"og:site_name\" content=\"4LED\" \/>\n<meta property=\"article:publisher\" content=\"https:\/\/www.facebook.com\/4led.ro\/\" \/>\n<meta property=\"article:modified_time\" content=\"2023-07-04T13:18:56+00:00\" \/>\n<meta property=\"og:image\" content=\"https:\/\/www.4ledlighting.com\/wp-content\/uploads\/2022\/11\/Tona3PN.webp\" \/>\n\t<meta property=\"og:image:width\" content=\"403\" \/>\n\t<meta property=\"og:image:height\" content=\"403\" \/>\n\t<meta property=\"og:image:type\" content=\"image\/webp\" \/>\n<meta name=\"twitter:card\" content=\"summary_large_image\" \/>\n<meta name=\"twitter:label1\" content=\"Gesch\u00e4tzte Lesezeit\" \/>\n\t<meta name=\"twitter:data1\" content=\"1\u00a0Minute\" \/>\n<script type=\"application\/ld+json\" class=\"yoast-schema-graph\">{\"@context\":\"https:\/\/schema.org\",\"@graph\":[{\"@type\":\"WebPage\",\"@id\":\"https:\/\/www.4ledlighting.com\/de\/produkt\/tona-3pn\/\",\"url\":\"https:\/\/www.4ledlighting.com\/de\/produkt\/tona-3pn\/\",\"name\":\"Tona 3PN | 4LED\",\"isPartOf\":{\"@id\":\"https:\/\/www.4ledlighting.com\/#website\"},\"datePublished\":\"2022-11-09T08:17:10+00:00\",\"dateModified\":\"2023-07-04T13:18:56+00:00\",\"description\":\"Die Dreifachschutzlampe Tona 3P wird normalerweise in Umgebungen eingesetzt, die Wasserbest\u00e4ndigkeit, Staubbest\u00e4ndigkeit und Korrosionsbest\u00e4ndigkeit erfordern. Es kann aufgeh\u00e4ngt oder h\u00e4ngend montiert werden. Aluminiumlegierung und PC sorgen f\u00fcr einen stabilen Betrieb in verschiedenen Umgebungen. Es wird h\u00e4ufig in Einkaufszentren, Lagerh\u00e4usern und anderen Innenr\u00e4umen eingesetzt.\",\"breadcrumb\":{\"@id\":\"https:\/\/www.4ledlighting.com\/de\/produkt\/tona-3pn\/#breadcrumb\"},\"inLanguage\":\"de\",\"potentialAction\":[{\"@type\":\"ReadAction\",\"target\":[\"https:\/\/www.4ledlighting.com\/de\/produkt\/tona-3pn\/\"]}]},{\"@type\":\"BreadcrumbList\",\"@id\":\"https:\/\/www.4ledlighting.com\/de\/produkt\/tona-3pn\/#breadcrumb\",\"itemListElement\":[{\"@type\":\"ListItem\",\"position\":1,\"name\":\"LED-Beleuchtungsprodukte\",\"item\":\"https:\/\/www.4ledlighting.com\/de\/led-beleuchtungsprodukte\/\"},{\"@type\":\"ListItem\",\"position\":2,\"name\":\"Tona 3PN\"}]},{\"@type\":\"WebSite\",\"@id\":\"https:\/\/www.4ledlighting.com\/#website\",\"url\":\"https:\/\/www.4ledlighting.com\/\",\"name\":\"4LED\",\"description\":\"Iluminat LED: office, industrial, comercial, medical\",\"publisher\":{\"@id\":\"https:\/\/www.4ledlighting.com\/#organization\"},\"potentialAction\":[{\"@type\":\"SearchAction\",\"target\":{\"@type\":\"EntryPoint\",\"urlTemplate\":\"https:\/\/www.4ledlighting.com\/?s={search_term_string}\"},\"query-input\":\"required name=search_term_string\"}],\"inLanguage\":\"de\"},{\"@type\":\"Organization\",\"@id\":\"https:\/\/www.4ledlighting.com\/#organization\",\"name\":\"4LED\",\"url\":\"https:\/\/www.4ledlighting.com\/\",\"logo\":{\"@type\":\"ImageObject\",\"inLanguage\":\"de\",\"@id\":\"https:\/\/www.4ledlighting.com\/#\/schema\/logo\/image\/\",\"url\":\"https:\/\/www.4ledlighting.com\/wp-content\/uploads\/2022\/08\/Group-15.png\",\"contentUrl\":\"https:\/\/www.4ledlighting.com\/wp-content\/uploads\/2022\/08\/Group-15.png\",\"width\":55,\"height\":33,\"caption\":\"4LED\"},\"image\":{\"@id\":\"https:\/\/www.4ledlighting.com\/#\/schema\/logo\/image\/\"},\"sameAs\":[\"https:\/\/www.facebook.com\/4led.ro\/\",\"https:\/\/www.linkedin.com\/company\/4led-lighting\/\"]}]}<\/script>\n<!-- \/ Yoast SEO plugin. -->","yoast_head_json":{"title":"Tona 3PN | 4LED","description":"Die Dreifachschutzlampe Tona 3P wird normalerweise in Umgebungen eingesetzt, die Wasserbest\u00e4ndigkeit, Staubbest\u00e4ndigkeit und Korrosionsbest\u00e4ndigkeit erfordern. Es kann aufgeh\u00e4ngt oder h\u00e4ngend montiert werden. Aluminiumlegierung und PC sorgen f\u00fcr einen stabilen Betrieb in verschiedenen Umgebungen. Es wird h\u00e4ufig in Einkaufszentren, Lagerh\u00e4usern und anderen Innenr\u00e4umen eingesetzt.","robots":{"index":"index","follow":"follow","max-snippet":"max-snippet:-1","max-image-preview":"max-image-preview:large","max-video-preview":"max-video-preview:-1"},"canonical":"https:\/\/www.4ledlighting.com\/de\/produkt\/tona-3pn\/","og_locale":"de_DE","og_type":"article","og_title":"Tona 3PN | 4LED","og_description":"Die Dreifachschutzlampe Tona 3P wird normalerweise in Umgebungen eingesetzt, die Wasserbest\u00e4ndigkeit, Staubbest\u00e4ndigkeit und Korrosionsbest\u00e4ndigkeit erfordern. Es kann aufgeh\u00e4ngt oder h\u00e4ngend montiert werden. Aluminiumlegierung und PC sorgen f\u00fcr einen stabilen Betrieb in verschiedenen Umgebungen. Es wird h\u00e4ufig in Einkaufszentren, Lagerh\u00e4usern und anderen Innenr\u00e4umen eingesetzt.","og_url":"https:\/\/www.4ledlighting.com\/de\/produkt\/tona-3pn\/","og_site_name":"4LED","article_publisher":"https:\/\/www.facebook.com\/4led.ro\/","article_modified_time":"2023-07-04T13:18:56+00:00","og_image":[{"width":403,"height":403,"url":"https:\/\/www.4ledlighting.com\/wp-content\/uploads\/2022\/11\/Tona3PN.webp","type":"image\/webp"}],"twitter_card":"summary_large_image","twitter_misc":{"Gesch\u00e4tzte Lesezeit":"1\u00a0Minute"},"schema":{"@context":"https:\/\/schema.org","@graph":[{"@type":"WebPage","@id":"https:\/\/www.4ledlighting.com\/de\/produkt\/tona-3pn\/","url":"https:\/\/www.4ledlighting.com\/de\/produkt\/tona-3pn\/","name":"Tona 3PN | 4LED","isPartOf":{"@id":"https:\/\/www.4ledlighting.com\/#website"},"datePublished":"2022-11-09T08:17:10+00:00","dateModified":"2023-07-04T13:18:56+00:00","description":"Die Dreifachschutzlampe Tona 3P wird normalerweise in Umgebungen eingesetzt, die Wasserbest\u00e4ndigkeit, Staubbest\u00e4ndigkeit und Korrosionsbest\u00e4ndigkeit erfordern. Es kann aufgeh\u00e4ngt oder h\u00e4ngend montiert werden. Aluminiumlegierung und PC sorgen f\u00fcr einen stabilen Betrieb in verschiedenen Umgebungen. Es wird h\u00e4ufig in Einkaufszentren, Lagerh\u00e4usern und anderen Innenr\u00e4umen eingesetzt.","breadcrumb":{"@id":"https:\/\/www.4ledlighting.com\/de\/produkt\/tona-3pn\/#breadcrumb"},"inLanguage":"de","potentialAction":[{"@type":"ReadAction","target":["https:\/\/www.4ledlighting.com\/de\/produkt\/tona-3pn\/"]}]},{"@type":"BreadcrumbList","@id":"https:\/\/www.4ledlighting.com\/de\/produkt\/tona-3pn\/#breadcrumb","itemListElement":[{"@type":"ListItem","position":1,"name":"LED-Beleuchtungsprodukte","item":"https:\/\/www.4ledlighting.com\/de\/led-beleuchtungsprodukte\/"},{"@type":"ListItem","position":2,"name":"Tona 3PN"}]},{"@type":"WebSite","@id":"https:\/\/www.4ledlighting.com\/#website","url":"https:\/\/www.4ledlighting.com\/","name":"4LED","description":"Iluminat LED: office, industrial, comercial, medical","publisher":{"@id":"https:\/\/www.4ledlighting.com\/#organization"},"potentialAction":[{"@type":"SearchAction","target":{"@type":"EntryPoint","urlTemplate":"https:\/\/www.4ledlighting.com\/?s={search_term_string}"},"query-input":"required name=search_term_string"}],"inLanguage":"de"},{"@type":"Organization","@id":"https:\/\/www.4ledlighting.com\/#organization","name":"4LED","url":"https:\/\/www.4ledlighting.com\/","logo":{"@type":"ImageObject","inLanguage":"de","@id":"https:\/\/www.4ledlighting.com\/#\/schema\/logo\/image\/","url":"https:\/\/www.4ledlighting.com\/wp-content\/uploads\/2022\/08\/Group-15.png","contentUrl":"https:\/\/www.4ledlighting.com\/wp-content\/uploads\/2022\/08\/Group-15.png","width":55,"height":33,"caption":"4LED"},"image":{"@id":"https:\/\/www.4ledlighting.com\/#\/schema\/logo\/image\/"},"sameAs":["https:\/\/www.facebook.com\/4led.ro\/","https:\/\/www.linkedin.com\/company\/4led-lighting\/"]}]}},"_links":{"self":[{"href":"https:\/\/www.4ledlighting.com\/de\/wp-json\/wp\/v2\/product\/8060","targetHints":{"allow":["GET"]}}],"collection":[{"href":"https:\/\/www.4ledlighting.com\/de\/wp-json\/wp\/v2\/product"}],"about":[{"href":"https:\/\/www.4ledlighting.com\/de\/wp-json\/wp\/v2\/types\/product"}],"wp:featuredmedia":[{"embeddable":true,"href":"https:\/\/www.4ledlighting.com\/de\/wp-json\/wp\/v2\/media\/6760"}],"wp:attachment":[{"href":"https:\/\/www.4ledlighting.com\/de\/wp-json\/wp\/v2\/media?parent=8060"}],"wp:term":[{"taxonomy":"product_cat","embeddable":true,"href":"https:\/\/www.4ledlighting.com\/de\/wp-json\/wp\/v2\/product_cat?post=8060"},{"taxonomy":"product_tag","embeddable":true,"href":"https:\/\/www.4ledlighting.com\/de\/wp-json\/wp\/v2\/product_tag?post=8060"}],"curies":[{"name":"wp","href":"https:\/\/api.w.org\/{rel}","templated":true}]}}