{"id":8068,"date":"2022-11-07T11:57:44","date_gmt":"2022-11-07T11:57:44","guid":{"rendered":"https:\/\/www.4ledlighting.com\/product\/fram\/"},"modified":"2023-07-04T08:38:39","modified_gmt":"2023-07-04T08:38:39","slug":"fram","status":"publish","type":"product","link":"https:\/\/www.4ledlighting.com\/de\/produkt\/fram\/","title":{"rendered":"Fram"},"content":{"rendered":"<p><strong>Das quadratische Fram LED-Panel ist ein perfekter Ersatz f\u00fcr herk\u00f6mmliche Beleuchtungsk\u00f6rper. Die Leuchte zeichnet sich durch einen gleichm\u00e4\u00dfigen und effizienten Lichtstrahl, geringe Blendung, einen niedrigen Reflexionsfaktor und hervorragenden Augenschutz aus. Sie kann in gro\u00dfem Umfang als Innenbeleuchtung in Gesch\u00e4ften, Superm\u00e4rkten, Einkaufszentren und Krankenh\u00e4usern eingesetzt werden.<\/strong><\/p>\n<p>\u2014<br \/>\n<strong>Intro:<\/strong><\/p>\n<p>Montagetyp: angewendet, eingebaut<br \/>\nLED Typ: SMD<br \/>\nSpannung: 200-240VAC \/ 50-60Hz<br \/>\nBetriebstemperatur: -10\/+40\u00b0C<br \/>\nUGR: &lt; 19<br \/>\nCRI: &gt; 80<br \/>\nPF: &gt; 0.9<br \/>\nWinkel: 110\u00b0<\/p>\n<p>\u2014<\/p>\n<h6>Vorteile:<\/h6>\n<ul>\n<li>Einfache, modulare Struktur mit zeitgem\u00e4\u00dfer \u00c4sthetik<\/li>\n<li>Energie sparen<\/li>\n<li>Umweltfreundlich, CE- und RoHS-konform<\/li>\n<li>Hocheffizientes W\u00e4rmemanagement<\/li>\n<li>Stromversorgung bei niedrigen Temperaturen<\/li>\n<li>Hohe Stabilit\u00e4t des Dauerbetriebs<\/li>\n<\/ul>\n<p>\u2014<\/p>\n<h6>K\u00f6rper, Optik:<\/h6>\n<ul>\n<li>Wei\u00dfer Lampenk\u00f6rper RAL9003, modernes und schlichtes Design<\/li>\n<\/ul>\n<div class=\"et_pb_section et_pb_section_2 et_section_regular\">\n<div class=\"et_pb_row et_pb_row_1\">\n<div class=\"et_pb_column et_pb_column_4_4 et_pb_column_2 et_pb_css_mix_blend_mode_passthrough et-last-child\">\n<div class=\"et_pb_module et_pb_text et_pb_text_1 et_pb_text_align_left et_pb_bg_layout_light\">\n<div class=\"et_pb_text_inner\">\n<div class=\"et_pb_section et_pb_section_2 et_section_regular\">\n<div class=\"et_pb_row et_pb_row_1\">\n<div class=\"et_pb_column et_pb_column_4_4 et_pb_column_2 et_pb_css_mix_blend_mode_passthrough et-last-child\">\n<div class=\"et_pb_module et_pb_text et_pb_text_1 et_pb_text_align_left et_pb_bg_layout_light\">\n<div class=\"et_pb_text_inner\">\n<p>\u2014<\/p>\n<\/div>\n<\/div>\n<\/div>\n<\/div>\n<\/div>\n<div class=\"et_pb_with_border et_pb_section et_pb_section_3 et_section_regular\">\n<div class=\"et_pb_row et_pb_row_2\">\n<div class=\"et_pb_column et_pb_column_4_4 et_pb_column_3 et_pb_css_mix_blend_mode_passthrough et-last-child\">\n<div class=\"et_pb_module et_pb_text et_pb_text_2 et_pb_text_align_left et_pb_bg_layout_light\">\n<h6 class=\"et_pb_text_inner\">Dateien herunterladen:<\/h6>\n<ul>\n<li class=\"et_pb_text_inner\"><a href=\"\/wp-content\/uploads\/2023\/07\/Fram-4LED-Product-sheet-DE.pdf\" target=\"_blank\" rel=\"noopener\">Produkt technischer Datenblatt (.pdf)<\/a><\/li>\n<li class=\"et_pb_text_inner\"><a href=\"\/wp-content\/uploads\/2023\/01\/Fram.zip\">Dateien .ies zum Produkt (.zip Archiv)<\/a><\/li>\n<li class=\"et_pb_text_inner\"><a href=\"\/wp-content\/uploads\/2023\/07\/Catalog-4LED-2022-GER-reduced-file-size.pdf\" target=\"_blank\" rel=\"noopener\">Produktkatalog 4LED<\/a><\/li>\n<\/ul>\n<p>\u2014<\/p>\n<\/div>\n<\/div>\n<\/div>\n<\/div>\n<\/div>\n<\/div>\n<\/div>\n<\/div>\n<\/div>\n","protected":false},"excerpt":{"rendered":"<p>40W \u00bb 3600 Lm<\/p>\n","protected":false},"featured_media":6746,"template":"","meta":[],"product_cat":[154,167],"product_tag":[],"class_list":["post-8068","product","type-product","status-publish","has-post-thumbnail","hentry","product_cat-innenbereich","product_cat-eingebaute-modulare-koerper"],"yoast_head":"<!-- This site is optimized with the Yoast SEO plugin v20.3 - https:\/\/yoast.com\/wordpress\/plugins\/seo\/ -->\n<title>Fram | 4LED<\/title>\n<meta name=\"description\" content=\"Das quadratische Fram LED-Panel ist ein perfekter Ersatz f\u00fcr herk\u00f6mmliche Beleuchtungsk\u00f6rper. Die Leuchte zeichnet sich durch einen gleichm\u00e4\u00dfigen und effizienten Lichtstrahl, geringe Blendung, einen niedrigen Reflexionsfaktor und hervorragenden Augenschutz aus. Sie kann in gro\u00dfem Umfang als Innenbeleuchtung in Gesch\u00e4ften, Superm\u00e4rkten, Einkaufszentren und Krankenh\u00e4usern eingesetzt werden.\" \/>\n<meta name=\"robots\" content=\"index, follow, max-snippet:-1, max-image-preview:large, max-video-preview:-1\" \/>\n<link rel=\"canonical\" href=\"https:\/\/www.4ledlighting.com\/de\/produkt\/fram\/\" \/>\n<meta property=\"og:locale\" content=\"de_DE\" \/>\n<meta property=\"og:type\" content=\"article\" \/>\n<meta property=\"og:title\" content=\"Fram | 4LED\" \/>\n<meta property=\"og:description\" content=\"Das quadratische Fram LED-Panel ist ein perfekter Ersatz f\u00fcr herk\u00f6mmliche Beleuchtungsk\u00f6rper. Die Leuchte zeichnet sich durch einen gleichm\u00e4\u00dfigen und effizienten Lichtstrahl, geringe Blendung, einen niedrigen Reflexionsfaktor und hervorragenden Augenschutz aus. Sie kann in gro\u00dfem Umfang als Innenbeleuchtung in Gesch\u00e4ften, Superm\u00e4rkten, Einkaufszentren und Krankenh\u00e4usern eingesetzt werden.\" \/>\n<meta property=\"og:url\" content=\"https:\/\/www.4ledlighting.com\/de\/produkt\/fram\/\" \/>\n<meta property=\"og:site_name\" content=\"4LED\" \/>\n<meta property=\"article:publisher\" content=\"https:\/\/www.facebook.com\/4led.ro\/\" \/>\n<meta property=\"article:modified_time\" content=\"2023-07-04T08:38:39+00:00\" \/>\n<meta property=\"og:image\" content=\"https:\/\/www.4ledlighting.com\/wp-content\/uploads\/2022\/11\/Fram.webp\" \/>\n\t<meta property=\"og:image:width\" content=\"360\" \/>\n\t<meta property=\"og:image:height\" content=\"360\" \/>\n\t<meta property=\"og:image:type\" content=\"image\/webp\" \/>\n<meta name=\"twitter:card\" content=\"summary_large_image\" \/>\n<meta name=\"twitter:label1\" content=\"Gesch\u00e4tzte Lesezeit\" \/>\n\t<meta name=\"twitter:data1\" content=\"1\u00a0Minute\" \/>\n<script type=\"application\/ld+json\" class=\"yoast-schema-graph\">{\"@context\":\"https:\/\/schema.org\",\"@graph\":[{\"@type\":\"WebPage\",\"@id\":\"https:\/\/www.4ledlighting.com\/de\/produkt\/fram\/\",\"url\":\"https:\/\/www.4ledlighting.com\/de\/produkt\/fram\/\",\"name\":\"Fram | 4LED\",\"isPartOf\":{\"@id\":\"https:\/\/www.4ledlighting.com\/#website\"},\"datePublished\":\"2022-11-07T11:57:44+00:00\",\"dateModified\":\"2023-07-04T08:38:39+00:00\",\"description\":\"Das quadratische Fram LED-Panel ist ein perfekter Ersatz f\u00fcr herk\u00f6mmliche Beleuchtungsk\u00f6rper. Die Leuchte zeichnet sich durch einen gleichm\u00e4\u00dfigen und effizienten Lichtstrahl, geringe Blendung, einen niedrigen Reflexionsfaktor und hervorragenden Augenschutz aus. Sie kann in gro\u00dfem Umfang als Innenbeleuchtung in Gesch\u00e4ften, Superm\u00e4rkten, Einkaufszentren und Krankenh\u00e4usern eingesetzt werden.\",\"breadcrumb\":{\"@id\":\"https:\/\/www.4ledlighting.com\/de\/produkt\/fram\/#breadcrumb\"},\"inLanguage\":\"de\",\"potentialAction\":[{\"@type\":\"ReadAction\",\"target\":[\"https:\/\/www.4ledlighting.com\/de\/produkt\/fram\/\"]}]},{\"@type\":\"BreadcrumbList\",\"@id\":\"https:\/\/www.4ledlighting.com\/de\/produkt\/fram\/#breadcrumb\",\"itemListElement\":[{\"@type\":\"ListItem\",\"position\":1,\"name\":\"LED-Beleuchtungsprodukte\",\"item\":\"https:\/\/www.4ledlighting.com\/de\/led-beleuchtungsprodukte\/\"},{\"@type\":\"ListItem\",\"position\":2,\"name\":\"Fram\"}]},{\"@type\":\"WebSite\",\"@id\":\"https:\/\/www.4ledlighting.com\/#website\",\"url\":\"https:\/\/www.4ledlighting.com\/\",\"name\":\"4LED\",\"description\":\"Iluminat LED: office, industrial, comercial, medical\",\"publisher\":{\"@id\":\"https:\/\/www.4ledlighting.com\/#organization\"},\"potentialAction\":[{\"@type\":\"SearchAction\",\"target\":{\"@type\":\"EntryPoint\",\"urlTemplate\":\"https:\/\/www.4ledlighting.com\/?s={search_term_string}\"},\"query-input\":\"required name=search_term_string\"}],\"inLanguage\":\"de\"},{\"@type\":\"Organization\",\"@id\":\"https:\/\/www.4ledlighting.com\/#organization\",\"name\":\"4LED\",\"url\":\"https:\/\/www.4ledlighting.com\/\",\"logo\":{\"@type\":\"ImageObject\",\"inLanguage\":\"de\",\"@id\":\"https:\/\/www.4ledlighting.com\/#\/schema\/logo\/image\/\",\"url\":\"https:\/\/www.4ledlighting.com\/wp-content\/uploads\/2022\/08\/Group-15.png\",\"contentUrl\":\"https:\/\/www.4ledlighting.com\/wp-content\/uploads\/2022\/08\/Group-15.png\",\"width\":55,\"height\":33,\"caption\":\"4LED\"},\"image\":{\"@id\":\"https:\/\/www.4ledlighting.com\/#\/schema\/logo\/image\/\"},\"sameAs\":[\"https:\/\/www.facebook.com\/4led.ro\/\",\"https:\/\/www.linkedin.com\/company\/4led-lighting\/\"]}]}<\/script>\n<!-- \/ Yoast SEO plugin. -->","yoast_head_json":{"title":"Fram | 4LED","description":"Das quadratische Fram LED-Panel ist ein perfekter Ersatz f\u00fcr herk\u00f6mmliche Beleuchtungsk\u00f6rper. Die Leuchte zeichnet sich durch einen gleichm\u00e4\u00dfigen und effizienten Lichtstrahl, geringe Blendung, einen niedrigen Reflexionsfaktor und hervorragenden Augenschutz aus. Sie kann in gro\u00dfem Umfang als Innenbeleuchtung in Gesch\u00e4ften, Superm\u00e4rkten, Einkaufszentren und Krankenh\u00e4usern eingesetzt werden.","robots":{"index":"index","follow":"follow","max-snippet":"max-snippet:-1","max-image-preview":"max-image-preview:large","max-video-preview":"max-video-preview:-1"},"canonical":"https:\/\/www.4ledlighting.com\/de\/produkt\/fram\/","og_locale":"de_DE","og_type":"article","og_title":"Fram | 4LED","og_description":"Das quadratische Fram LED-Panel ist ein perfekter Ersatz f\u00fcr herk\u00f6mmliche Beleuchtungsk\u00f6rper. Die Leuchte zeichnet sich durch einen gleichm\u00e4\u00dfigen und effizienten Lichtstrahl, geringe Blendung, einen niedrigen Reflexionsfaktor und hervorragenden Augenschutz aus. Sie kann in gro\u00dfem Umfang als Innenbeleuchtung in Gesch\u00e4ften, Superm\u00e4rkten, Einkaufszentren und Krankenh\u00e4usern eingesetzt werden.","og_url":"https:\/\/www.4ledlighting.com\/de\/produkt\/fram\/","og_site_name":"4LED","article_publisher":"https:\/\/www.facebook.com\/4led.ro\/","article_modified_time":"2023-07-04T08:38:39+00:00","og_image":[{"width":360,"height":360,"url":"https:\/\/www.4ledlighting.com\/wp-content\/uploads\/2022\/11\/Fram.webp","type":"image\/webp"}],"twitter_card":"summary_large_image","twitter_misc":{"Gesch\u00e4tzte Lesezeit":"1\u00a0Minute"},"schema":{"@context":"https:\/\/schema.org","@graph":[{"@type":"WebPage","@id":"https:\/\/www.4ledlighting.com\/de\/produkt\/fram\/","url":"https:\/\/www.4ledlighting.com\/de\/produkt\/fram\/","name":"Fram | 4LED","isPartOf":{"@id":"https:\/\/www.4ledlighting.com\/#website"},"datePublished":"2022-11-07T11:57:44+00:00","dateModified":"2023-07-04T08:38:39+00:00","description":"Das quadratische Fram LED-Panel ist ein perfekter Ersatz f\u00fcr herk\u00f6mmliche Beleuchtungsk\u00f6rper. Die Leuchte zeichnet sich durch einen gleichm\u00e4\u00dfigen und effizienten Lichtstrahl, geringe Blendung, einen niedrigen Reflexionsfaktor und hervorragenden Augenschutz aus. Sie kann in gro\u00dfem Umfang als Innenbeleuchtung in Gesch\u00e4ften, Superm\u00e4rkten, Einkaufszentren und Krankenh\u00e4usern eingesetzt werden.","breadcrumb":{"@id":"https:\/\/www.4ledlighting.com\/de\/produkt\/fram\/#breadcrumb"},"inLanguage":"de","potentialAction":[{"@type":"ReadAction","target":["https:\/\/www.4ledlighting.com\/de\/produkt\/fram\/"]}]},{"@type":"BreadcrumbList","@id":"https:\/\/www.4ledlighting.com\/de\/produkt\/fram\/#breadcrumb","itemListElement":[{"@type":"ListItem","position":1,"name":"LED-Beleuchtungsprodukte","item":"https:\/\/www.4ledlighting.com\/de\/led-beleuchtungsprodukte\/"},{"@type":"ListItem","position":2,"name":"Fram"}]},{"@type":"WebSite","@id":"https:\/\/www.4ledlighting.com\/#website","url":"https:\/\/www.4ledlighting.com\/","name":"4LED","description":"Iluminat LED: office, industrial, comercial, medical","publisher":{"@id":"https:\/\/www.4ledlighting.com\/#organization"},"potentialAction":[{"@type":"SearchAction","target":{"@type":"EntryPoint","urlTemplate":"https:\/\/www.4ledlighting.com\/?s={search_term_string}"},"query-input":"required name=search_term_string"}],"inLanguage":"de"},{"@type":"Organization","@id":"https:\/\/www.4ledlighting.com\/#organization","name":"4LED","url":"https:\/\/www.4ledlighting.com\/","logo":{"@type":"ImageObject","inLanguage":"de","@id":"https:\/\/www.4ledlighting.com\/#\/schema\/logo\/image\/","url":"https:\/\/www.4ledlighting.com\/wp-content\/uploads\/2022\/08\/Group-15.png","contentUrl":"https:\/\/www.4ledlighting.com\/wp-content\/uploads\/2022\/08\/Group-15.png","width":55,"height":33,"caption":"4LED"},"image":{"@id":"https:\/\/www.4ledlighting.com\/#\/schema\/logo\/image\/"},"sameAs":["https:\/\/www.facebook.com\/4led.ro\/","https:\/\/www.linkedin.com\/company\/4led-lighting\/"]}]}},"_links":{"self":[{"href":"https:\/\/www.4ledlighting.com\/de\/wp-json\/wp\/v2\/product\/8068","targetHints":{"allow":["GET"]}}],"collection":[{"href":"https:\/\/www.4ledlighting.com\/de\/wp-json\/wp\/v2\/product"}],"about":[{"href":"https:\/\/www.4ledlighting.com\/de\/wp-json\/wp\/v2\/types\/product"}],"wp:featuredmedia":[{"embeddable":true,"href":"https:\/\/www.4ledlighting.com\/de\/wp-json\/wp\/v2\/media\/6746"}],"wp:attachment":[{"href":"https:\/\/www.4ledlighting.com\/de\/wp-json\/wp\/v2\/media?parent=8068"}],"wp:term":[{"taxonomy":"product_cat","embeddable":true,"href":"https:\/\/www.4ledlighting.com\/de\/wp-json\/wp\/v2\/product_cat?post=8068"},{"taxonomy":"product_tag","embeddable":true,"href":"https:\/\/www.4ledlighting.com\/de\/wp-json\/wp\/v2\/product_tag?post=8068"}],"curies":[{"name":"wp","href":"https:\/\/api.w.org\/{rel}","templated":true}]}}