{"id":8118,"date":"2022-11-08T11:30:46","date_gmt":"2022-11-08T11:30:46","guid":{"rendered":"https:\/\/www.4ledlighting.com\/product\/modium\/"},"modified":"2023-07-04T13:10:26","modified_gmt":"2023-07-04T13:10:26","slug":"modium","status":"publish","type":"product","link":"https:\/\/www.4ledlighting.com\/de\/produkt\/modium\/","title":{"rendered":"Modium"},"content":{"rendered":"<p><strong>Modium ist eine Energieeffiziente Alternative. Geringe Wartungskosten, bessere Effizienz als herk\u00f6mmliche lineare Leuchtstoffr\u00f6hren. Er kann in einer Vielzahl von industriellen, kommerziellen und B\u00fcroanwendungen eingesetzt werden. Die optimale L\u00f6sung f\u00fcr Beleuchtungsanlagen aufgrund der geringen Installationskosten.<\/strong><\/p>\n<p>\u2014<br \/>\n<b>Anwendungen:<br \/>\n<\/b>Industrie \/ Gewerbe<\/p>\n<p><strong>Intro:<\/strong><\/p>\n<p>Montagetyp: aufgeh\u00e4ngt, angewendet<br \/>\nLED Typ: SMD<br \/>\nSpannung: 200-240VAC \/ 50Hz<br \/>\nBetriebstemperatur: -10\/+40\u00b0C<br \/>\nUGR: &lt; 19<br \/>\nCRI: &gt; 80<br \/>\nPF: &gt; 0.95<br \/>\nWinkel: 30\/60\/90\/120\u00b0\/asymmetrisch\/doppelt asymmetrisch<\/p>\n<p>&nbsp;<\/p>\n<p>\u2014<\/p>\n<h6>Vorteile:<\/h6>\n<ul>\n<li>Einfach zu installieren: alles in einer Box, Installation ohne zus\u00e4tzliches Werkzeug. Das reduziert Zeit und Arbeitsaufwand, Verpackungsm\u00fcll und Komplexit\u00e4t.<\/li>\n<li>Flexible L\u00f6sung, mehrere Blickwinkel m\u00f6glich.<\/li>\n<li>M\u00f6glichkeit zur Integration von Notfallausr\u00fcstung, DALI-Vorr\u00fcstung oder Dimmen.<\/li>\n<\/ul>\n<p>\u2014<\/p>\n<h6>K\u00f6rper, Optik:<\/h6>\n<ul>\n<li>Wei\u00dfer, schwarzer oder silber Lampenk\u00f6rper, modulares Design, modern und schlicht.<\/li>\n<li>Diffusor mit mehreren Winkeln m\u00f6glich.<\/li>\n<\/ul>\n<div class=\"et_pb_section et_pb_section_2 et_section_regular\">\n<div class=\"et_pb_row et_pb_row_1\">\n<div class=\"et_pb_column et_pb_column_4_4 et_pb_column_2 et_pb_css_mix_blend_mode_passthrough et-last-child\">\n<div class=\"et_pb_module et_pb_text et_pb_text_1 et_pb_text_align_left et_pb_bg_layout_light\">\n<div class=\"et_pb_text_inner\">\n<p>\u2014<\/p>\n<\/div>\n<\/div>\n<\/div>\n<\/div>\n<\/div>\n<div class=\"et_pb_with_border et_pb_section et_pb_section_3 et_section_regular\">\n<div class=\"et_pb_row et_pb_row_2\">\n<div class=\"et_pb_column et_pb_column_4_4 et_pb_column_3 et_pb_css_mix_blend_mode_passthrough et-last-child\">\n<div class=\"et_pb_module et_pb_text et_pb_text_2 et_pb_text_align_left et_pb_bg_layout_light\">\n<h6 class=\"et_pb_text_inner\">Dateien herunterladen:<\/h6>\n<ul>\n<li class=\"et_pb_text_inner\"><a href=\"\/wp-content\/uploads\/2023\/07\/Modium_DE_noaddress.pdf\" target=\"_blank\" rel=\"noopener\">Produkt technischer Datenblatt (.pdf)<\/a><\/li>\n<li class=\"et_pb_text_inner\"><a href=\"\/wp-content\/uploads\/2023\/01\/Modium.zip\">Dateien .ies zum Produkt (.zip Archiv)<\/a><\/li>\n<li class=\"et_pb_text_inner\"><a href=\"\/wp-content\/uploads\/2023\/07\/Catalog-4LED-2022-GER-reduced-file-size.pdf\" target=\"_blank\" rel=\"noopener\">Produktkatalog 4LED<\/a><\/li>\n<\/ul>\n<p>\u2014<\/p>\n<\/div>\n<\/div>\n<\/div>\n<\/div>\n","protected":false},"excerpt":{"rendered":"<p>35 W \u00bb 5600 Lm<br \/>\n50 W \u00bb 8000 Lm<br \/>\n70 W \u00bb 11200 Lm<\/p>\n","protected":false},"featured_media":6776,"template":"","meta":[],"product_cat":[154,172],"product_tag":[],"class_list":["post-8118","product","type-product","status-publish","has-post-thumbnail","hentry","product_cat-innenbereich","product_cat-kontinuierliche-lineare-systeme"],"yoast_head":"<!-- This site is optimized with the Yoast SEO plugin v20.3 - https:\/\/yoast.com\/wordpress\/plugins\/seo\/ -->\n<title>Modium | 4LED<\/title>\n<meta name=\"description\" content=\"Modium ist eine Energieeffiziente Alternative. Geringe Wartungskosten, bessere Effizienz als herk\u00f6mmliche lineare Leuchtstoffr\u00f6hren. Er kann in einer Vielzahl von industriellen, kommerziellen und B\u00fcroanwendungen eingesetzt werden. Die optimale L\u00f6sung f\u00fcr Beleuchtungsanlagen aufgrund der geringen Installationskosten.\" \/>\n<meta name=\"robots\" content=\"index, follow, max-snippet:-1, max-image-preview:large, max-video-preview:-1\" \/>\n<link rel=\"canonical\" href=\"https:\/\/www.4ledlighting.com\/de\/produkt\/modium\/\" \/>\n<meta property=\"og:locale\" content=\"de_DE\" \/>\n<meta property=\"og:type\" content=\"article\" \/>\n<meta property=\"og:title\" content=\"Modium | 4LED\" \/>\n<meta property=\"og:description\" content=\"Modium ist eine Energieeffiziente Alternative. Geringe Wartungskosten, bessere Effizienz als herk\u00f6mmliche lineare Leuchtstoffr\u00f6hren. Er kann in einer Vielzahl von industriellen, kommerziellen und B\u00fcroanwendungen eingesetzt werden. Die optimale L\u00f6sung f\u00fcr Beleuchtungsanlagen aufgrund der geringen Installationskosten.\" \/>\n<meta property=\"og:url\" content=\"https:\/\/www.4ledlighting.com\/de\/produkt\/modium\/\" \/>\n<meta property=\"og:site_name\" content=\"4LED\" \/>\n<meta property=\"article:publisher\" content=\"https:\/\/www.facebook.com\/4led.ro\/\" \/>\n<meta property=\"article:modified_time\" content=\"2023-07-04T13:10:26+00:00\" \/>\n<meta property=\"og:image\" content=\"https:\/\/www.4ledlighting.com\/wp-content\/uploads\/2022\/11\/Modium.webp\" \/>\n\t<meta property=\"og:image:width\" content=\"1200\" \/>\n\t<meta property=\"og:image:height\" content=\"1200\" \/>\n\t<meta property=\"og:image:type\" content=\"image\/webp\" \/>\n<meta name=\"twitter:card\" content=\"summary_large_image\" \/>\n<meta name=\"twitter:label1\" content=\"Gesch\u00e4tzte Lesezeit\" \/>\n\t<meta name=\"twitter:data1\" content=\"1\u00a0Minute\" \/>\n<script type=\"application\/ld+json\" class=\"yoast-schema-graph\">{\"@context\":\"https:\/\/schema.org\",\"@graph\":[{\"@type\":\"WebPage\",\"@id\":\"https:\/\/www.4ledlighting.com\/de\/produkt\/modium\/\",\"url\":\"https:\/\/www.4ledlighting.com\/de\/produkt\/modium\/\",\"name\":\"Modium | 4LED\",\"isPartOf\":{\"@id\":\"https:\/\/www.4ledlighting.com\/#website\"},\"datePublished\":\"2022-11-08T11:30:46+00:00\",\"dateModified\":\"2023-07-04T13:10:26+00:00\",\"description\":\"Modium ist eine Energieeffiziente Alternative. Geringe Wartungskosten, bessere Effizienz als herk\u00f6mmliche lineare Leuchtstoffr\u00f6hren. Er kann in einer Vielzahl von industriellen, kommerziellen und B\u00fcroanwendungen eingesetzt werden. Die optimale L\u00f6sung f\u00fcr Beleuchtungsanlagen aufgrund der geringen Installationskosten.\",\"breadcrumb\":{\"@id\":\"https:\/\/www.4ledlighting.com\/de\/produkt\/modium\/#breadcrumb\"},\"inLanguage\":\"de\",\"potentialAction\":[{\"@type\":\"ReadAction\",\"target\":[\"https:\/\/www.4ledlighting.com\/de\/produkt\/modium\/\"]}]},{\"@type\":\"BreadcrumbList\",\"@id\":\"https:\/\/www.4ledlighting.com\/de\/produkt\/modium\/#breadcrumb\",\"itemListElement\":[{\"@type\":\"ListItem\",\"position\":1,\"name\":\"LED-Beleuchtungsprodukte\",\"item\":\"https:\/\/www.4ledlighting.com\/de\/led-beleuchtungsprodukte\/\"},{\"@type\":\"ListItem\",\"position\":2,\"name\":\"Modium\"}]},{\"@type\":\"WebSite\",\"@id\":\"https:\/\/www.4ledlighting.com\/#website\",\"url\":\"https:\/\/www.4ledlighting.com\/\",\"name\":\"4LED\",\"description\":\"Iluminat LED: office, industrial, comercial, medical\",\"publisher\":{\"@id\":\"https:\/\/www.4ledlighting.com\/#organization\"},\"potentialAction\":[{\"@type\":\"SearchAction\",\"target\":{\"@type\":\"EntryPoint\",\"urlTemplate\":\"https:\/\/www.4ledlighting.com\/?s={search_term_string}\"},\"query-input\":\"required name=search_term_string\"}],\"inLanguage\":\"de\"},{\"@type\":\"Organization\",\"@id\":\"https:\/\/www.4ledlighting.com\/#organization\",\"name\":\"4LED\",\"url\":\"https:\/\/www.4ledlighting.com\/\",\"logo\":{\"@type\":\"ImageObject\",\"inLanguage\":\"de\",\"@id\":\"https:\/\/www.4ledlighting.com\/#\/schema\/logo\/image\/\",\"url\":\"https:\/\/www.4ledlighting.com\/wp-content\/uploads\/2022\/08\/Group-15.png\",\"contentUrl\":\"https:\/\/www.4ledlighting.com\/wp-content\/uploads\/2022\/08\/Group-15.png\",\"width\":55,\"height\":33,\"caption\":\"4LED\"},\"image\":{\"@id\":\"https:\/\/www.4ledlighting.com\/#\/schema\/logo\/image\/\"},\"sameAs\":[\"https:\/\/www.facebook.com\/4led.ro\/\",\"https:\/\/www.linkedin.com\/company\/4led-lighting\/\"]}]}<\/script>\n<!-- \/ Yoast SEO plugin. -->","yoast_head_json":{"title":"Modium | 4LED","description":"Modium ist eine Energieeffiziente Alternative. Geringe Wartungskosten, bessere Effizienz als herk\u00f6mmliche lineare Leuchtstoffr\u00f6hren. Er kann in einer Vielzahl von industriellen, kommerziellen und B\u00fcroanwendungen eingesetzt werden. Die optimale L\u00f6sung f\u00fcr Beleuchtungsanlagen aufgrund der geringen Installationskosten.","robots":{"index":"index","follow":"follow","max-snippet":"max-snippet:-1","max-image-preview":"max-image-preview:large","max-video-preview":"max-video-preview:-1"},"canonical":"https:\/\/www.4ledlighting.com\/de\/produkt\/modium\/","og_locale":"de_DE","og_type":"article","og_title":"Modium | 4LED","og_description":"Modium ist eine Energieeffiziente Alternative. Geringe Wartungskosten, bessere Effizienz als herk\u00f6mmliche lineare Leuchtstoffr\u00f6hren. Er kann in einer Vielzahl von industriellen, kommerziellen und B\u00fcroanwendungen eingesetzt werden. Die optimale L\u00f6sung f\u00fcr Beleuchtungsanlagen aufgrund der geringen Installationskosten.","og_url":"https:\/\/www.4ledlighting.com\/de\/produkt\/modium\/","og_site_name":"4LED","article_publisher":"https:\/\/www.facebook.com\/4led.ro\/","article_modified_time":"2023-07-04T13:10:26+00:00","og_image":[{"width":1200,"height":1200,"url":"https:\/\/www.4ledlighting.com\/wp-content\/uploads\/2022\/11\/Modium.webp","type":"image\/webp"}],"twitter_card":"summary_large_image","twitter_misc":{"Gesch\u00e4tzte Lesezeit":"1\u00a0Minute"},"schema":{"@context":"https:\/\/schema.org","@graph":[{"@type":"WebPage","@id":"https:\/\/www.4ledlighting.com\/de\/produkt\/modium\/","url":"https:\/\/www.4ledlighting.com\/de\/produkt\/modium\/","name":"Modium | 4LED","isPartOf":{"@id":"https:\/\/www.4ledlighting.com\/#website"},"datePublished":"2022-11-08T11:30:46+00:00","dateModified":"2023-07-04T13:10:26+00:00","description":"Modium ist eine Energieeffiziente Alternative. Geringe Wartungskosten, bessere Effizienz als herk\u00f6mmliche lineare Leuchtstoffr\u00f6hren. Er kann in einer Vielzahl von industriellen, kommerziellen und B\u00fcroanwendungen eingesetzt werden. Die optimale L\u00f6sung f\u00fcr Beleuchtungsanlagen aufgrund der geringen Installationskosten.","breadcrumb":{"@id":"https:\/\/www.4ledlighting.com\/de\/produkt\/modium\/#breadcrumb"},"inLanguage":"de","potentialAction":[{"@type":"ReadAction","target":["https:\/\/www.4ledlighting.com\/de\/produkt\/modium\/"]}]},{"@type":"BreadcrumbList","@id":"https:\/\/www.4ledlighting.com\/de\/produkt\/modium\/#breadcrumb","itemListElement":[{"@type":"ListItem","position":1,"name":"LED-Beleuchtungsprodukte","item":"https:\/\/www.4ledlighting.com\/de\/led-beleuchtungsprodukte\/"},{"@type":"ListItem","position":2,"name":"Modium"}]},{"@type":"WebSite","@id":"https:\/\/www.4ledlighting.com\/#website","url":"https:\/\/www.4ledlighting.com\/","name":"4LED","description":"Iluminat LED: office, industrial, comercial, medical","publisher":{"@id":"https:\/\/www.4ledlighting.com\/#organization"},"potentialAction":[{"@type":"SearchAction","target":{"@type":"EntryPoint","urlTemplate":"https:\/\/www.4ledlighting.com\/?s={search_term_string}"},"query-input":"required name=search_term_string"}],"inLanguage":"de"},{"@type":"Organization","@id":"https:\/\/www.4ledlighting.com\/#organization","name":"4LED","url":"https:\/\/www.4ledlighting.com\/","logo":{"@type":"ImageObject","inLanguage":"de","@id":"https:\/\/www.4ledlighting.com\/#\/schema\/logo\/image\/","url":"https:\/\/www.4ledlighting.com\/wp-content\/uploads\/2022\/08\/Group-15.png","contentUrl":"https:\/\/www.4ledlighting.com\/wp-content\/uploads\/2022\/08\/Group-15.png","width":55,"height":33,"caption":"4LED"},"image":{"@id":"https:\/\/www.4ledlighting.com\/#\/schema\/logo\/image\/"},"sameAs":["https:\/\/www.facebook.com\/4led.ro\/","https:\/\/www.linkedin.com\/company\/4led-lighting\/"]}]}},"_links":{"self":[{"href":"https:\/\/www.4ledlighting.com\/de\/wp-json\/wp\/v2\/product\/8118","targetHints":{"allow":["GET"]}}],"collection":[{"href":"https:\/\/www.4ledlighting.com\/de\/wp-json\/wp\/v2\/product"}],"about":[{"href":"https:\/\/www.4ledlighting.com\/de\/wp-json\/wp\/v2\/types\/product"}],"wp:featuredmedia":[{"embeddable":true,"href":"https:\/\/www.4ledlighting.com\/de\/wp-json\/wp\/v2\/media\/6776"}],"wp:attachment":[{"href":"https:\/\/www.4ledlighting.com\/de\/wp-json\/wp\/v2\/media?parent=8118"}],"wp:term":[{"taxonomy":"product_cat","embeddable":true,"href":"https:\/\/www.4ledlighting.com\/de\/wp-json\/wp\/v2\/product_cat?post=8118"},{"taxonomy":"product_tag","embeddable":true,"href":"https:\/\/www.4ledlighting.com\/de\/wp-json\/wp\/v2\/product_tag?post=8118"}],"curies":[{"name":"wp","href":"https:\/\/api.w.org\/{rel}","templated":true}]}}