{"id":8174,"date":"2022-11-09T09:55:08","date_gmt":"2022-11-09T09:55:08","guid":{"rendered":"https:\/\/www.4ledlighting.com\/product\/minette\/"},"modified":"2023-07-04T13:40:44","modified_gmt":"2023-07-04T13:40:44","slug":"minette","status":"publish","type":"product","link":"https:\/\/www.4ledlighting.com\/de\/produkt\/minette\/","title":{"rendered":"Minette"},"content":{"rendered":"<p><strong>Minette ist eine Beleuchtungsvorrichtung f\u00fcr die Hausnummer, mit einem einfachen geometrischen Aussehen. Vor der T\u00fcr oder auf der Stra\u00dfe angebracht, wird die Nummer hervorgehoben und auch die Stra\u00dfe beleuchtet. Minette verf\u00fcgt auch \u00fcber einen Lichtsensor oder einen Infrarotsensor.<\/strong><\/p>\n<p>\u2014<br \/>\n<strong>Intro:<\/strong><\/p>\n<p>Montagetyp: angewendet<br \/>\nLED Typ: SMD<br \/>\nSpannung: 200-240VAC \/ 50-60Hz<br \/>\nBetriebstemperatur: -20\/+45\u00b0C<br \/>\nUGR: &lt; 19<br \/>\nCRI: &gt; 80<br \/>\nPF: &gt; 0.9<br \/>\nWinkel: 110\u00b0<\/p>\n<p>\u2014<\/p>\n<h6>Vorteile:<\/h6>\n<ul>\n<li>Feuchtigkeitsbest\u00e4ndig<\/li>\n<li>Modernes und einfaches Design<\/li>\n<li>Einfache Struktur, leicht zu installieren<\/li>\n<li>\u00d6kologisch, es spart im Vergleich zu herk\u00f6mmlichen Ger\u00e4ten Energie und ist umweltfreundlich<\/li>\n<\/ul>\n<p>\u2014<\/p>\n<h6 class=\"et_pb_text_inner\">Dateien herunterladen:<\/h6>\n<ul>\n<li class=\"et_pb_text_inner\"><a href=\"\/wp-content\/uploads\/2023\/07\/Minette-4LED-Product-sheet-DE.pdf\" target=\"_blank\" rel=\"noopener\">Produkt technischer Datenblatt (.pdf)<\/a><\/li>\n<li class=\"et_pb_text_inner\"><a href=\"\/wp-content\/uploads\/2023\/07\/Catalog-4LED-2022-GER-reduced-file-size.pdf\" target=\"_blank\" rel=\"noopener\">Produktkatalog 4LED<\/a><\/li>\n<\/ul>\n<p>\u2014<\/p>\n","protected":false},"excerpt":{"rendered":"<p>13W \u00bb 1200 Lm<br \/>\n11W \u00bb 1040 Lm<\/p>\n","protected":false},"featured_media":6797,"template":"","meta":[],"product_cat":[176,177],"product_tag":[],"class_list":["post-8174","product","type-product","status-publish","has-post-thumbnail","hentry","product_cat-im-aussenbereich","product_cat-decken-und-wandbefestigung-aussenbereich"],"yoast_head":"<!-- This site is optimized with the Yoast SEO plugin v20.3 - https:\/\/yoast.com\/wordpress\/plugins\/seo\/ -->\n<title>Minette | 4LED<\/title>\n<meta name=\"description\" content=\"Minette ist eine Beleuchtungsvorrichtung f\u00fcr die Hausnummer, mit einem einfachen geometrischen Aussehen. Vor der T\u00fcr oder auf der Stra\u00dfe angebracht, wird die Nummer hervorgehoben und auch die Stra\u00dfe beleuchtet. Minette verf\u00fcgt auch \u00fcber einen Lichtsensor oder einen Infrarotsensor.\" \/>\n<meta name=\"robots\" content=\"index, follow, max-snippet:-1, max-image-preview:large, max-video-preview:-1\" \/>\n<link rel=\"canonical\" href=\"https:\/\/www.4ledlighting.com\/de\/produkt\/minette\/\" \/>\n<meta property=\"og:locale\" content=\"de_DE\" \/>\n<meta property=\"og:type\" content=\"article\" \/>\n<meta property=\"og:title\" content=\"Minette | 4LED\" \/>\n<meta property=\"og:description\" content=\"Minette ist eine Beleuchtungsvorrichtung f\u00fcr die Hausnummer, mit einem einfachen geometrischen Aussehen. Vor der T\u00fcr oder auf der Stra\u00dfe angebracht, wird die Nummer hervorgehoben und auch die Stra\u00dfe beleuchtet. Minette verf\u00fcgt auch \u00fcber einen Lichtsensor oder einen Infrarotsensor.\" \/>\n<meta property=\"og:url\" content=\"https:\/\/www.4ledlighting.com\/de\/produkt\/minette\/\" \/>\n<meta property=\"og:site_name\" content=\"4LED\" \/>\n<meta property=\"article:publisher\" content=\"https:\/\/www.facebook.com\/4led.ro\/\" \/>\n<meta property=\"article:modified_time\" content=\"2023-07-04T13:40:44+00:00\" \/>\n<meta property=\"og:image\" content=\"https:\/\/www.4ledlighting.com\/wp-content\/uploads\/2022\/11\/Minette_no.webp\" \/>\n\t<meta property=\"og:image:width\" content=\"224\" \/>\n\t<meta property=\"og:image:height\" content=\"224\" \/>\n\t<meta property=\"og:image:type\" content=\"image\/webp\" \/>\n<meta name=\"twitter:card\" content=\"summary_large_image\" \/>\n<meta name=\"twitter:label1\" content=\"Gesch\u00e4tzte Lesezeit\" \/>\n\t<meta name=\"twitter:data1\" content=\"1\u00a0Minute\" \/>\n<script type=\"application\/ld+json\" class=\"yoast-schema-graph\">{\"@context\":\"https:\/\/schema.org\",\"@graph\":[{\"@type\":\"WebPage\",\"@id\":\"https:\/\/www.4ledlighting.com\/de\/produkt\/minette\/\",\"url\":\"https:\/\/www.4ledlighting.com\/de\/produkt\/minette\/\",\"name\":\"Minette | 4LED\",\"isPartOf\":{\"@id\":\"https:\/\/www.4ledlighting.com\/#website\"},\"datePublished\":\"2022-11-09T09:55:08+00:00\",\"dateModified\":\"2023-07-04T13:40:44+00:00\",\"description\":\"Minette ist eine Beleuchtungsvorrichtung f\u00fcr die Hausnummer, mit einem einfachen geometrischen Aussehen. Vor der T\u00fcr oder auf der Stra\u00dfe angebracht, wird die Nummer hervorgehoben und auch die Stra\u00dfe beleuchtet. Minette verf\u00fcgt auch \u00fcber einen Lichtsensor oder einen Infrarotsensor.\",\"breadcrumb\":{\"@id\":\"https:\/\/www.4ledlighting.com\/de\/produkt\/minette\/#breadcrumb\"},\"inLanguage\":\"de\",\"potentialAction\":[{\"@type\":\"ReadAction\",\"target\":[\"https:\/\/www.4ledlighting.com\/de\/produkt\/minette\/\"]}]},{\"@type\":\"BreadcrumbList\",\"@id\":\"https:\/\/www.4ledlighting.com\/de\/produkt\/minette\/#breadcrumb\",\"itemListElement\":[{\"@type\":\"ListItem\",\"position\":1,\"name\":\"LED-Beleuchtungsprodukte\",\"item\":\"https:\/\/www.4ledlighting.com\/de\/led-beleuchtungsprodukte\/\"},{\"@type\":\"ListItem\",\"position\":2,\"name\":\"Minette\"}]},{\"@type\":\"WebSite\",\"@id\":\"https:\/\/www.4ledlighting.com\/#website\",\"url\":\"https:\/\/www.4ledlighting.com\/\",\"name\":\"4LED\",\"description\":\"Iluminat LED: office, industrial, comercial, medical\",\"publisher\":{\"@id\":\"https:\/\/www.4ledlighting.com\/#organization\"},\"potentialAction\":[{\"@type\":\"SearchAction\",\"target\":{\"@type\":\"EntryPoint\",\"urlTemplate\":\"https:\/\/www.4ledlighting.com\/?s={search_term_string}\"},\"query-input\":\"required name=search_term_string\"}],\"inLanguage\":\"de\"},{\"@type\":\"Organization\",\"@id\":\"https:\/\/www.4ledlighting.com\/#organization\",\"name\":\"4LED\",\"url\":\"https:\/\/www.4ledlighting.com\/\",\"logo\":{\"@type\":\"ImageObject\",\"inLanguage\":\"de\",\"@id\":\"https:\/\/www.4ledlighting.com\/#\/schema\/logo\/image\/\",\"url\":\"https:\/\/www.4ledlighting.com\/wp-content\/uploads\/2022\/08\/Group-15.png\",\"contentUrl\":\"https:\/\/www.4ledlighting.com\/wp-content\/uploads\/2022\/08\/Group-15.png\",\"width\":55,\"height\":33,\"caption\":\"4LED\"},\"image\":{\"@id\":\"https:\/\/www.4ledlighting.com\/#\/schema\/logo\/image\/\"},\"sameAs\":[\"https:\/\/www.facebook.com\/4led.ro\/\",\"https:\/\/www.linkedin.com\/company\/4led-lighting\/\"]}]}<\/script>\n<!-- \/ Yoast SEO plugin. -->","yoast_head_json":{"title":"Minette | 4LED","description":"Minette ist eine Beleuchtungsvorrichtung f\u00fcr die Hausnummer, mit einem einfachen geometrischen Aussehen. Vor der T\u00fcr oder auf der Stra\u00dfe angebracht, wird die Nummer hervorgehoben und auch die Stra\u00dfe beleuchtet. Minette verf\u00fcgt auch \u00fcber einen Lichtsensor oder einen Infrarotsensor.","robots":{"index":"index","follow":"follow","max-snippet":"max-snippet:-1","max-image-preview":"max-image-preview:large","max-video-preview":"max-video-preview:-1"},"canonical":"https:\/\/www.4ledlighting.com\/de\/produkt\/minette\/","og_locale":"de_DE","og_type":"article","og_title":"Minette | 4LED","og_description":"Minette ist eine Beleuchtungsvorrichtung f\u00fcr die Hausnummer, mit einem einfachen geometrischen Aussehen. Vor der T\u00fcr oder auf der Stra\u00dfe angebracht, wird die Nummer hervorgehoben und auch die Stra\u00dfe beleuchtet. Minette verf\u00fcgt auch \u00fcber einen Lichtsensor oder einen Infrarotsensor.","og_url":"https:\/\/www.4ledlighting.com\/de\/produkt\/minette\/","og_site_name":"4LED","article_publisher":"https:\/\/www.facebook.com\/4led.ro\/","article_modified_time":"2023-07-04T13:40:44+00:00","og_image":[{"width":224,"height":224,"url":"https:\/\/www.4ledlighting.com\/wp-content\/uploads\/2022\/11\/Minette_no.webp","type":"image\/webp"}],"twitter_card":"summary_large_image","twitter_misc":{"Gesch\u00e4tzte Lesezeit":"1\u00a0Minute"},"schema":{"@context":"https:\/\/schema.org","@graph":[{"@type":"WebPage","@id":"https:\/\/www.4ledlighting.com\/de\/produkt\/minette\/","url":"https:\/\/www.4ledlighting.com\/de\/produkt\/minette\/","name":"Minette | 4LED","isPartOf":{"@id":"https:\/\/www.4ledlighting.com\/#website"},"datePublished":"2022-11-09T09:55:08+00:00","dateModified":"2023-07-04T13:40:44+00:00","description":"Minette ist eine Beleuchtungsvorrichtung f\u00fcr die Hausnummer, mit einem einfachen geometrischen Aussehen. Vor der T\u00fcr oder auf der Stra\u00dfe angebracht, wird die Nummer hervorgehoben und auch die Stra\u00dfe beleuchtet. Minette verf\u00fcgt auch \u00fcber einen Lichtsensor oder einen Infrarotsensor.","breadcrumb":{"@id":"https:\/\/www.4ledlighting.com\/de\/produkt\/minette\/#breadcrumb"},"inLanguage":"de","potentialAction":[{"@type":"ReadAction","target":["https:\/\/www.4ledlighting.com\/de\/produkt\/minette\/"]}]},{"@type":"BreadcrumbList","@id":"https:\/\/www.4ledlighting.com\/de\/produkt\/minette\/#breadcrumb","itemListElement":[{"@type":"ListItem","position":1,"name":"LED-Beleuchtungsprodukte","item":"https:\/\/www.4ledlighting.com\/de\/led-beleuchtungsprodukte\/"},{"@type":"ListItem","position":2,"name":"Minette"}]},{"@type":"WebSite","@id":"https:\/\/www.4ledlighting.com\/#website","url":"https:\/\/www.4ledlighting.com\/","name":"4LED","description":"Iluminat LED: office, industrial, comercial, medical","publisher":{"@id":"https:\/\/www.4ledlighting.com\/#organization"},"potentialAction":[{"@type":"SearchAction","target":{"@type":"EntryPoint","urlTemplate":"https:\/\/www.4ledlighting.com\/?s={search_term_string}"},"query-input":"required name=search_term_string"}],"inLanguage":"de"},{"@type":"Organization","@id":"https:\/\/www.4ledlighting.com\/#organization","name":"4LED","url":"https:\/\/www.4ledlighting.com\/","logo":{"@type":"ImageObject","inLanguage":"de","@id":"https:\/\/www.4ledlighting.com\/#\/schema\/logo\/image\/","url":"https:\/\/www.4ledlighting.com\/wp-content\/uploads\/2022\/08\/Group-15.png","contentUrl":"https:\/\/www.4ledlighting.com\/wp-content\/uploads\/2022\/08\/Group-15.png","width":55,"height":33,"caption":"4LED"},"image":{"@id":"https:\/\/www.4ledlighting.com\/#\/schema\/logo\/image\/"},"sameAs":["https:\/\/www.facebook.com\/4led.ro\/","https:\/\/www.linkedin.com\/company\/4led-lighting\/"]}]}},"_links":{"self":[{"href":"https:\/\/www.4ledlighting.com\/de\/wp-json\/wp\/v2\/product\/8174","targetHints":{"allow":["GET"]}}],"collection":[{"href":"https:\/\/www.4ledlighting.com\/de\/wp-json\/wp\/v2\/product"}],"about":[{"href":"https:\/\/www.4ledlighting.com\/de\/wp-json\/wp\/v2\/types\/product"}],"wp:featuredmedia":[{"embeddable":true,"href":"https:\/\/www.4ledlighting.com\/de\/wp-json\/wp\/v2\/media\/6797"}],"wp:attachment":[{"href":"https:\/\/www.4ledlighting.com\/de\/wp-json\/wp\/v2\/media?parent=8174"}],"wp:term":[{"taxonomy":"product_cat","embeddable":true,"href":"https:\/\/www.4ledlighting.com\/de\/wp-json\/wp\/v2\/product_cat?post=8174"},{"taxonomy":"product_tag","embeddable":true,"href":"https:\/\/www.4ledlighting.com\/de\/wp-json\/wp\/v2\/product_tag?post=8174"}],"curies":[{"name":"wp","href":"https:\/\/api.w.org\/{rel}","templated":true}]}}