{"id":8188,"date":"2022-11-09T10:36:44","date_gmt":"2022-11-09T10:36:44","guid":{"rendered":"https:\/\/www.4ledlighting.com\/product\/lunar\/"},"modified":"2023-07-04T13:50:08","modified_gmt":"2023-07-04T13:50:08","slug":"lunar","status":"publish","type":"product","link":"https:\/\/www.4ledlighting.com\/de\/produkt\/lunar\/","title":{"rendered":"Lunar"},"content":{"rendered":"<p><strong>Die Lunar LED-Leuchte ist eine Au\u00dfenleuchte, die in den W\u00e4nden im Freien eingebaut werden kann. Sie ist aus hochwertigen, \u00e4u\u00dferst langlebigen Materialien gefertigt und so verarbeitet, dass sie den h\u00f6chsten Kundenanspr\u00fcchen gerecht wird. Kann verwendet werden, um architektonische Lichtszenen an Geb\u00e4uden zu schaffen.<\/strong><\/p>\n<p>\u2014<br \/>\n<strong>Intro:<\/strong><\/p>\n<p>Montagetyp: eingebaut<br \/>\nLED Typ: SMD<br \/>\nSpannung: 24 VDC<br \/>\nBetriebstemperatur: -20\/+40\u00b0C<br \/>\nUGR: &lt; 19<br \/>\nCRI: &gt; 80<br \/>\nPF: &gt; 0.9<br \/>\nWinkel: 120\u00b0<\/p>\n<p>\u2014<\/p>\n<h6>Vorteile<strong>:<\/strong><\/h6>\n<ul>\n<li>Modernes und einfaches Design<\/li>\n<li>Einfache Struktur, leicht zu installieren<\/li>\n<li>Energiesparend und umweltfreundlich, CE RoHS-konform<\/li>\n<li>Hocheffizientes W\u00e4rmemanagement<\/li>\n<li>Betrieb bei niedrigen Temperaturen<\/li>\n<li>Hohe Stabilit\u00e4t des Dauerbetriebs<\/li>\n<\/ul>\n<p>\u2014<\/p>\n<h6>K\u00f6rper, Optik:<\/h6>\n<ul>\n<li>Geh\u00e4use aus reinem Aluminium, gegossen und veredelt, elektrostatisch lackiert.<\/li>\n<\/ul>\n<p>\u2014<\/p>\n<h6 class=\"et_pb_text_inner\">Dateien herunterladen:<\/h6>\n<ul>\n<li class=\"et_pb_text_inner\"><a href=\"\/wp-content\/uploads\/2023\/07\/Lunar-4LED-Product-sheet-DE.pdf\" target=\"_blank\" rel=\"noopener\">Produkt technischer Datenblatt (.pdf)<\/a><\/li>\n<li class=\"et_pb_text_inner\"><a href=\"\/wp-content\/uploads\/2023\/07\/Catalog-4LED-2022-GER-reduced-file-size.pdf\" target=\"_blank\" rel=\"noopener\">Produktkatalog 4LED<\/a><\/li>\n<\/ul>\n<p>\u2014<\/p>\n<p>&nbsp;<\/p>\n","protected":false},"excerpt":{"rendered":"<p>9W \u00bb 315 Lm<br \/>\n15W \u00bb 525 Lm<br \/>\n18W \u00bb 630 Lm<br \/>\n30W \u00bb 1050 Lm<br \/>\n36W \u00bb 1260 Lm<\/p>\n","protected":false},"featured_media":6804,"template":"","meta":[],"product_cat":[176,178],"product_tag":[],"class_list":["post-8188","product","type-product","status-publish","has-post-thumbnail","hentry","product_cat-im-aussenbereich","product_cat-begrabene-einrichtungen"],"yoast_head":"<!-- This site is optimized with the Yoast SEO plugin v20.3 - https:\/\/yoast.com\/wordpress\/plugins\/seo\/ -->\n<title>Lunar | 4LED<\/title>\n<meta name=\"description\" content=\"Die Lunar LED-Leuchte ist eine Au\u00dfenleuchte, die in den W\u00e4nden im Freien eingebaut werden kann. Sie ist aus hochwertigen, \u00e4u\u00dferst langlebigen Materialien gefertigt und so verarbeitet, dass sie den h\u00f6chsten Kundenanspr\u00fcchen gerecht wird. Kann verwendet werden, um architektonische Lichtszenen an Geb\u00e4uden zu schaffen.\" \/>\n<meta name=\"robots\" content=\"index, follow, max-snippet:-1, max-image-preview:large, max-video-preview:-1\" \/>\n<link rel=\"canonical\" href=\"https:\/\/www.4ledlighting.com\/de\/produkt\/lunar\/\" \/>\n<meta property=\"og:locale\" content=\"de_DE\" \/>\n<meta property=\"og:type\" content=\"article\" \/>\n<meta property=\"og:title\" content=\"Lunar | 4LED\" \/>\n<meta property=\"og:description\" content=\"Die Lunar LED-Leuchte ist eine Au\u00dfenleuchte, die in den W\u00e4nden im Freien eingebaut werden kann. Sie ist aus hochwertigen, \u00e4u\u00dferst langlebigen Materialien gefertigt und so verarbeitet, dass sie den h\u00f6chsten Kundenanspr\u00fcchen gerecht wird. Kann verwendet werden, um architektonische Lichtszenen an Geb\u00e4uden zu schaffen.\" \/>\n<meta property=\"og:url\" content=\"https:\/\/www.4ledlighting.com\/de\/produkt\/lunar\/\" \/>\n<meta property=\"og:site_name\" content=\"4LED\" \/>\n<meta property=\"article:publisher\" content=\"https:\/\/www.facebook.com\/4led.ro\/\" \/>\n<meta property=\"article:modified_time\" content=\"2023-07-04T13:50:08+00:00\" \/>\n<meta property=\"og:image\" content=\"https:\/\/www.4ledlighting.com\/wp-content\/uploads\/2022\/11\/Lunar.webp\" \/>\n\t<meta property=\"og:image:width\" content=\"462\" \/>\n\t<meta property=\"og:image:height\" content=\"462\" \/>\n\t<meta property=\"og:image:type\" content=\"image\/webp\" \/>\n<meta name=\"twitter:card\" content=\"summary_large_image\" \/>\n<meta name=\"twitter:label1\" content=\"Gesch\u00e4tzte Lesezeit\" \/>\n\t<meta name=\"twitter:data1\" content=\"1\u00a0Minute\" \/>\n<script type=\"application\/ld+json\" class=\"yoast-schema-graph\">{\"@context\":\"https:\/\/schema.org\",\"@graph\":[{\"@type\":\"WebPage\",\"@id\":\"https:\/\/www.4ledlighting.com\/de\/produkt\/lunar\/\",\"url\":\"https:\/\/www.4ledlighting.com\/de\/produkt\/lunar\/\",\"name\":\"Lunar | 4LED\",\"isPartOf\":{\"@id\":\"https:\/\/www.4ledlighting.com\/#website\"},\"datePublished\":\"2022-11-09T10:36:44+00:00\",\"dateModified\":\"2023-07-04T13:50:08+00:00\",\"description\":\"Die Lunar LED-Leuchte ist eine Au\u00dfenleuchte, die in den W\u00e4nden im Freien eingebaut werden kann. Sie ist aus hochwertigen, \u00e4u\u00dferst langlebigen Materialien gefertigt und so verarbeitet, dass sie den h\u00f6chsten Kundenanspr\u00fcchen gerecht wird. Kann verwendet werden, um architektonische Lichtszenen an Geb\u00e4uden zu schaffen.\",\"breadcrumb\":{\"@id\":\"https:\/\/www.4ledlighting.com\/de\/produkt\/lunar\/#breadcrumb\"},\"inLanguage\":\"de\",\"potentialAction\":[{\"@type\":\"ReadAction\",\"target\":[\"https:\/\/www.4ledlighting.com\/de\/produkt\/lunar\/\"]}]},{\"@type\":\"BreadcrumbList\",\"@id\":\"https:\/\/www.4ledlighting.com\/de\/produkt\/lunar\/#breadcrumb\",\"itemListElement\":[{\"@type\":\"ListItem\",\"position\":1,\"name\":\"LED-Beleuchtungsprodukte\",\"item\":\"https:\/\/www.4ledlighting.com\/de\/led-beleuchtungsprodukte\/\"},{\"@type\":\"ListItem\",\"position\":2,\"name\":\"Lunar\"}]},{\"@type\":\"WebSite\",\"@id\":\"https:\/\/www.4ledlighting.com\/#website\",\"url\":\"https:\/\/www.4ledlighting.com\/\",\"name\":\"4LED\",\"description\":\"Iluminat LED: office, industrial, comercial, medical\",\"publisher\":{\"@id\":\"https:\/\/www.4ledlighting.com\/#organization\"},\"potentialAction\":[{\"@type\":\"SearchAction\",\"target\":{\"@type\":\"EntryPoint\",\"urlTemplate\":\"https:\/\/www.4ledlighting.com\/?s={search_term_string}\"},\"query-input\":\"required name=search_term_string\"}],\"inLanguage\":\"de\"},{\"@type\":\"Organization\",\"@id\":\"https:\/\/www.4ledlighting.com\/#organization\",\"name\":\"4LED\",\"url\":\"https:\/\/www.4ledlighting.com\/\",\"logo\":{\"@type\":\"ImageObject\",\"inLanguage\":\"de\",\"@id\":\"https:\/\/www.4ledlighting.com\/#\/schema\/logo\/image\/\",\"url\":\"https:\/\/www.4ledlighting.com\/wp-content\/uploads\/2022\/08\/Group-15.png\",\"contentUrl\":\"https:\/\/www.4ledlighting.com\/wp-content\/uploads\/2022\/08\/Group-15.png\",\"width\":55,\"height\":33,\"caption\":\"4LED\"},\"image\":{\"@id\":\"https:\/\/www.4ledlighting.com\/#\/schema\/logo\/image\/\"},\"sameAs\":[\"https:\/\/www.facebook.com\/4led.ro\/\",\"https:\/\/www.linkedin.com\/company\/4led-lighting\/\"]}]}<\/script>\n<!-- \/ Yoast SEO plugin. -->","yoast_head_json":{"title":"Lunar | 4LED","description":"Die Lunar LED-Leuchte ist eine Au\u00dfenleuchte, die in den W\u00e4nden im Freien eingebaut werden kann. Sie ist aus hochwertigen, \u00e4u\u00dferst langlebigen Materialien gefertigt und so verarbeitet, dass sie den h\u00f6chsten Kundenanspr\u00fcchen gerecht wird. Kann verwendet werden, um architektonische Lichtszenen an Geb\u00e4uden zu schaffen.","robots":{"index":"index","follow":"follow","max-snippet":"max-snippet:-1","max-image-preview":"max-image-preview:large","max-video-preview":"max-video-preview:-1"},"canonical":"https:\/\/www.4ledlighting.com\/de\/produkt\/lunar\/","og_locale":"de_DE","og_type":"article","og_title":"Lunar | 4LED","og_description":"Die Lunar LED-Leuchte ist eine Au\u00dfenleuchte, die in den W\u00e4nden im Freien eingebaut werden kann. Sie ist aus hochwertigen, \u00e4u\u00dferst langlebigen Materialien gefertigt und so verarbeitet, dass sie den h\u00f6chsten Kundenanspr\u00fcchen gerecht wird. Kann verwendet werden, um architektonische Lichtszenen an Geb\u00e4uden zu schaffen.","og_url":"https:\/\/www.4ledlighting.com\/de\/produkt\/lunar\/","og_site_name":"4LED","article_publisher":"https:\/\/www.facebook.com\/4led.ro\/","article_modified_time":"2023-07-04T13:50:08+00:00","og_image":[{"width":462,"height":462,"url":"https:\/\/www.4ledlighting.com\/wp-content\/uploads\/2022\/11\/Lunar.webp","type":"image\/webp"}],"twitter_card":"summary_large_image","twitter_misc":{"Gesch\u00e4tzte Lesezeit":"1\u00a0Minute"},"schema":{"@context":"https:\/\/schema.org","@graph":[{"@type":"WebPage","@id":"https:\/\/www.4ledlighting.com\/de\/produkt\/lunar\/","url":"https:\/\/www.4ledlighting.com\/de\/produkt\/lunar\/","name":"Lunar | 4LED","isPartOf":{"@id":"https:\/\/www.4ledlighting.com\/#website"},"datePublished":"2022-11-09T10:36:44+00:00","dateModified":"2023-07-04T13:50:08+00:00","description":"Die Lunar LED-Leuchte ist eine Au\u00dfenleuchte, die in den W\u00e4nden im Freien eingebaut werden kann. Sie ist aus hochwertigen, \u00e4u\u00dferst langlebigen Materialien gefertigt und so verarbeitet, dass sie den h\u00f6chsten Kundenanspr\u00fcchen gerecht wird. Kann verwendet werden, um architektonische Lichtszenen an Geb\u00e4uden zu schaffen.","breadcrumb":{"@id":"https:\/\/www.4ledlighting.com\/de\/produkt\/lunar\/#breadcrumb"},"inLanguage":"de","potentialAction":[{"@type":"ReadAction","target":["https:\/\/www.4ledlighting.com\/de\/produkt\/lunar\/"]}]},{"@type":"BreadcrumbList","@id":"https:\/\/www.4ledlighting.com\/de\/produkt\/lunar\/#breadcrumb","itemListElement":[{"@type":"ListItem","position":1,"name":"LED-Beleuchtungsprodukte","item":"https:\/\/www.4ledlighting.com\/de\/led-beleuchtungsprodukte\/"},{"@type":"ListItem","position":2,"name":"Lunar"}]},{"@type":"WebSite","@id":"https:\/\/www.4ledlighting.com\/#website","url":"https:\/\/www.4ledlighting.com\/","name":"4LED","description":"Iluminat LED: office, industrial, comercial, medical","publisher":{"@id":"https:\/\/www.4ledlighting.com\/#organization"},"potentialAction":[{"@type":"SearchAction","target":{"@type":"EntryPoint","urlTemplate":"https:\/\/www.4ledlighting.com\/?s={search_term_string}"},"query-input":"required name=search_term_string"}],"inLanguage":"de"},{"@type":"Organization","@id":"https:\/\/www.4ledlighting.com\/#organization","name":"4LED","url":"https:\/\/www.4ledlighting.com\/","logo":{"@type":"ImageObject","inLanguage":"de","@id":"https:\/\/www.4ledlighting.com\/#\/schema\/logo\/image\/","url":"https:\/\/www.4ledlighting.com\/wp-content\/uploads\/2022\/08\/Group-15.png","contentUrl":"https:\/\/www.4ledlighting.com\/wp-content\/uploads\/2022\/08\/Group-15.png","width":55,"height":33,"caption":"4LED"},"image":{"@id":"https:\/\/www.4ledlighting.com\/#\/schema\/logo\/image\/"},"sameAs":["https:\/\/www.facebook.com\/4led.ro\/","https:\/\/www.linkedin.com\/company\/4led-lighting\/"]}]}},"_links":{"self":[{"href":"https:\/\/www.4ledlighting.com\/de\/wp-json\/wp\/v2\/product\/8188","targetHints":{"allow":["GET"]}}],"collection":[{"href":"https:\/\/www.4ledlighting.com\/de\/wp-json\/wp\/v2\/product"}],"about":[{"href":"https:\/\/www.4ledlighting.com\/de\/wp-json\/wp\/v2\/types\/product"}],"wp:featuredmedia":[{"embeddable":true,"href":"https:\/\/www.4ledlighting.com\/de\/wp-json\/wp\/v2\/media\/6804"}],"wp:attachment":[{"href":"https:\/\/www.4ledlighting.com\/de\/wp-json\/wp\/v2\/media?parent=8188"}],"wp:term":[{"taxonomy":"product_cat","embeddable":true,"href":"https:\/\/www.4ledlighting.com\/de\/wp-json\/wp\/v2\/product_cat?post=8188"},{"taxonomy":"product_tag","embeddable":true,"href":"https:\/\/www.4ledlighting.com\/de\/wp-json\/wp\/v2\/product_tag?post=8188"}],"curies":[{"name":"wp","href":"https:\/\/api.w.org\/{rel}","templated":true}]}}