{"id":8208,"date":"2022-11-10T09:38:46","date_gmt":"2022-11-10T09:38:46","guid":{"rendered":"https:\/\/www.4ledlighting.com\/product\/nisa\/"},"modified":"2023-07-04T14:12:25","modified_gmt":"2023-07-04T14:12:25","slug":"nisa","status":"publish","type":"product","link":"https:\/\/www.4ledlighting.com\/de\/produkt\/nisa\/","title":{"rendered":"Nisa"},"content":{"rendered":"<div class=\"et_pb_section et_pb_section_2 et_section_regular\">\n<div class=\"et_pb_row et_pb_row_1\">\n<div class=\"et_pb_column et_pb_column_4_4 et_pb_column_2 et_pb_css_mix_blend_mode_passthrough et-last-child\">\n<div class=\"et_pb_module et_pb_text et_pb_text_1 et_pb_text_align_left et_pb_bg_layout_light\">\n<div class=\"et_pb_text_inner\">\n<p><strong>Die Nisa Beleuchtungsger\u00e4te f\u00fcr \u00f6ffentlichen R\u00e4ume bieten eine effiziente und \u00e4sthetische Alternative zur herk\u00f6mmlichen \u00f6ffentlichen Beleuchtung. Nisa zeichnet sich durch eine hochwertige, steuerbare und sehr effiziente Beleuchtung aus, bei einem um bis zu 80% reduzierten Verbrauch im Vergleich zu herk\u00f6mmlichen Ger\u00e4ten. Die moderne Form bietet eine hochwertige \u00e4sthetische Alternative.<\/strong><\/p>\n<p>\u2014<br \/>\n<b>Anwendungen:<\/b><br \/>\n\u00d6ffentliche Beleuchtung \/ Stra\u00dfe \/ Umkreis \/ Parkpl\u00e4tze<\/p>\n<p><strong>Intro:<\/strong><\/p>\n<p>Montageart: \u2013<br \/>\nLED Typ: SMD<br \/>\nSpannung: 90-305VAC \/ 50-60Hz<br \/>\nBetriebstemperatur: -40\/+50\u00b0C<br \/>\nUGR: &lt; 19<br \/>\nCRI: &gt; 70<br \/>\nPF: &gt; 0.9<br \/>\nWinkel: 150\u00b0<\/p>\n<p>\u2014<\/p>\n<h6>Vorteile:<\/h6>\n<ul>\n<li>Sehr einfache Installation, auf Konsole mit verstellbarem Arm<\/li>\n<li>Lange Lebensdauer<\/li>\n<li>Optimale Beleuchtung, sparsam, sehr einfach zu steuern<\/li>\n<li>Es enth\u00e4lt keine umweltgef\u00e4hrdenden Stoffe.<\/li>\n<\/ul>\n<p>\u2014<\/p>\n<h6>K\u00f6rper, Optik:<\/h6>\n<ul>\n<li>Geh\u00e4use aus Aluminiumlegierung, gegossen und veredelt, elektrostatisch lackiert, silber-grau.<\/li>\n<li>Diffusor aus Polycarbonat oder Glas mit abgewinkelten Linsen f\u00fcr die Randbeleuchtung.<\/li>\n<\/ul>\n<div class=\"et_pb_section et_pb_section_2 et_section_regular\">\n<div class=\"et_pb_row et_pb_row_1\">\n<div class=\"et_pb_column et_pb_column_4_4 et_pb_column_2 et_pb_css_mix_blend_mode_passthrough et-last-child\">\n<div class=\"et_pb_module et_pb_text et_pb_text_1 et_pb_text_align_left et_pb_bg_layout_light\">\n<div class=\"et_pb_text_inner\">\n<p>\u2014<\/p>\n<\/div>\n<\/div>\n<\/div>\n<\/div>\n<\/div>\n<div class=\"et_pb_with_border et_pb_section et_pb_section_3 et_section_regular\">\n<div class=\"et_pb_row et_pb_row_2\">\n<div class=\"et_pb_column et_pb_column_4_4 et_pb_column_3 et_pb_css_mix_blend_mode_passthrough et-last-child\">\n<div class=\"et_pb_module et_pb_text et_pb_text_2 et_pb_text_align_left et_pb_bg_layout_light\">\n<h6 class=\"et_pb_text_inner\">Dateien herunterladen:<\/h6>\n<ul>\n<li class=\"et_pb_text_inner\"><a href=\"\/wp-content\/uploads\/2023\/07\/Nisa_DE_noaddress.pdf\" target=\"_blank\" rel=\"noopener\">Produkt technischer Datenblatt (.pdf)<\/a><\/li>\n<li class=\"et_pb_text_inner\"><a href=\"\/wp-content\/uploads\/2023\/07\/Catalog-4LED-2022-GER-reduced-file-size.pdf\" target=\"_blank\" rel=\"noopener\">Produktkatalog 4LED<\/a><\/li>\n<\/ul>\n<p>\u2014<\/p>\n<\/div>\n<\/div>\n<\/div>\n<\/div>\n<\/div>\n<\/div>\n<\/div>\n<\/div>\n<\/div>\n","protected":false},"excerpt":{"rendered":"<p>40 W \u00bb 4200 Lm<br \/>\n60 W \u00bb 6300 Lm<br \/>\n100 W \u00bb 10500 Lm<\/p>\n","protected":false},"featured_media":6814,"template":"","meta":[],"product_cat":[176,180],"product_tag":[],"class_list":["post-8208","product","type-product","status-publish","has-post-thumbnail","hentry","product_cat-im-aussenbereich","product_cat-strasseneinrichtungen"],"yoast_head":"<!-- This site is optimized with the Yoast SEO plugin v20.3 - https:\/\/yoast.com\/wordpress\/plugins\/seo\/ -->\n<title>Nisa | 4LED<\/title>\n<meta name=\"description\" content=\"Die Nisa Beleuchtungsger\u00e4te f\u00fcr \u00f6ffentlichen R\u00e4ume bieten eine effiziente und \u00e4sthetische Alternative zur herk\u00f6mmlichen \u00f6ffentlichen Beleuchtung. Nisa zeichnet sich durch eine hochwertige, steuerbare und sehr effiziente Beleuchtung aus, bei einem um bis zu 80% reduzierten Verbrauch im Vergleich zu herk\u00f6mmlichen Ger\u00e4ten. Die moderne Form bietet eine hochwertige \u00e4sthetische Alternative.\" \/>\n<meta name=\"robots\" content=\"index, follow, max-snippet:-1, max-image-preview:large, max-video-preview:-1\" \/>\n<link rel=\"canonical\" href=\"https:\/\/www.4ledlighting.com\/de\/produkt\/nisa\/\" \/>\n<meta property=\"og:locale\" content=\"de_DE\" \/>\n<meta property=\"og:type\" content=\"article\" \/>\n<meta property=\"og:title\" content=\"Nisa | 4LED\" \/>\n<meta property=\"og:description\" content=\"Die Nisa Beleuchtungsger\u00e4te f\u00fcr \u00f6ffentlichen R\u00e4ume bieten eine effiziente und \u00e4sthetische Alternative zur herk\u00f6mmlichen \u00f6ffentlichen Beleuchtung. Nisa zeichnet sich durch eine hochwertige, steuerbare und sehr effiziente Beleuchtung aus, bei einem um bis zu 80% reduzierten Verbrauch im Vergleich zu herk\u00f6mmlichen Ger\u00e4ten. Die moderne Form bietet eine hochwertige \u00e4sthetische Alternative.\" \/>\n<meta property=\"og:url\" content=\"https:\/\/www.4ledlighting.com\/de\/produkt\/nisa\/\" \/>\n<meta property=\"og:site_name\" content=\"4LED\" \/>\n<meta property=\"article:publisher\" content=\"https:\/\/www.facebook.com\/4led.ro\/\" \/>\n<meta property=\"article:modified_time\" content=\"2023-07-04T14:12:25+00:00\" \/>\n<meta property=\"og:image\" content=\"https:\/\/www.4ledlighting.com\/wp-content\/uploads\/2022\/11\/Nisa.webp\" \/>\n\t<meta property=\"og:image:width\" content=\"1200\" \/>\n\t<meta property=\"og:image:height\" content=\"1200\" \/>\n\t<meta property=\"og:image:type\" content=\"image\/webp\" \/>\n<meta name=\"twitter:card\" content=\"summary_large_image\" \/>\n<meta name=\"twitter:label1\" content=\"Gesch\u00e4tzte Lesezeit\" \/>\n\t<meta name=\"twitter:data1\" content=\"1\u00a0Minute\" \/>\n<script type=\"application\/ld+json\" class=\"yoast-schema-graph\">{\"@context\":\"https:\/\/schema.org\",\"@graph\":[{\"@type\":\"WebPage\",\"@id\":\"https:\/\/www.4ledlighting.com\/de\/produkt\/nisa\/\",\"url\":\"https:\/\/www.4ledlighting.com\/de\/produkt\/nisa\/\",\"name\":\"Nisa | 4LED\",\"isPartOf\":{\"@id\":\"https:\/\/www.4ledlighting.com\/#website\"},\"datePublished\":\"2022-11-10T09:38:46+00:00\",\"dateModified\":\"2023-07-04T14:12:25+00:00\",\"description\":\"Die Nisa Beleuchtungsger\u00e4te f\u00fcr \u00f6ffentlichen R\u00e4ume bieten eine effiziente und \u00e4sthetische Alternative zur herk\u00f6mmlichen \u00f6ffentlichen Beleuchtung. Nisa zeichnet sich durch eine hochwertige, steuerbare und sehr effiziente Beleuchtung aus, bei einem um bis zu 80% reduzierten Verbrauch im Vergleich zu herk\u00f6mmlichen Ger\u00e4ten. Die moderne Form bietet eine hochwertige \u00e4sthetische Alternative.\",\"breadcrumb\":{\"@id\":\"https:\/\/www.4ledlighting.com\/de\/produkt\/nisa\/#breadcrumb\"},\"inLanguage\":\"de\",\"potentialAction\":[{\"@type\":\"ReadAction\",\"target\":[\"https:\/\/www.4ledlighting.com\/de\/produkt\/nisa\/\"]}]},{\"@type\":\"BreadcrumbList\",\"@id\":\"https:\/\/www.4ledlighting.com\/de\/produkt\/nisa\/#breadcrumb\",\"itemListElement\":[{\"@type\":\"ListItem\",\"position\":1,\"name\":\"LED-Beleuchtungsprodukte\",\"item\":\"https:\/\/www.4ledlighting.com\/de\/led-beleuchtungsprodukte\/\"},{\"@type\":\"ListItem\",\"position\":2,\"name\":\"Nisa\"}]},{\"@type\":\"WebSite\",\"@id\":\"https:\/\/www.4ledlighting.com\/#website\",\"url\":\"https:\/\/www.4ledlighting.com\/\",\"name\":\"4LED\",\"description\":\"Iluminat LED: office, industrial, comercial, medical\",\"publisher\":{\"@id\":\"https:\/\/www.4ledlighting.com\/#organization\"},\"potentialAction\":[{\"@type\":\"SearchAction\",\"target\":{\"@type\":\"EntryPoint\",\"urlTemplate\":\"https:\/\/www.4ledlighting.com\/?s={search_term_string}\"},\"query-input\":\"required name=search_term_string\"}],\"inLanguage\":\"de\"},{\"@type\":\"Organization\",\"@id\":\"https:\/\/www.4ledlighting.com\/#organization\",\"name\":\"4LED\",\"url\":\"https:\/\/www.4ledlighting.com\/\",\"logo\":{\"@type\":\"ImageObject\",\"inLanguage\":\"de\",\"@id\":\"https:\/\/www.4ledlighting.com\/#\/schema\/logo\/image\/\",\"url\":\"https:\/\/www.4ledlighting.com\/wp-content\/uploads\/2022\/08\/Group-15.png\",\"contentUrl\":\"https:\/\/www.4ledlighting.com\/wp-content\/uploads\/2022\/08\/Group-15.png\",\"width\":55,\"height\":33,\"caption\":\"4LED\"},\"image\":{\"@id\":\"https:\/\/www.4ledlighting.com\/#\/schema\/logo\/image\/\"},\"sameAs\":[\"https:\/\/www.facebook.com\/4led.ro\/\",\"https:\/\/www.linkedin.com\/company\/4led-lighting\/\"]}]}<\/script>\n<!-- \/ Yoast SEO plugin. -->","yoast_head_json":{"title":"Nisa | 4LED","description":"Die Nisa Beleuchtungsger\u00e4te f\u00fcr \u00f6ffentlichen R\u00e4ume bieten eine effiziente und \u00e4sthetische Alternative zur herk\u00f6mmlichen \u00f6ffentlichen Beleuchtung. Nisa zeichnet sich durch eine hochwertige, steuerbare und sehr effiziente Beleuchtung aus, bei einem um bis zu 80% reduzierten Verbrauch im Vergleich zu herk\u00f6mmlichen Ger\u00e4ten. Die moderne Form bietet eine hochwertige \u00e4sthetische Alternative.","robots":{"index":"index","follow":"follow","max-snippet":"max-snippet:-1","max-image-preview":"max-image-preview:large","max-video-preview":"max-video-preview:-1"},"canonical":"https:\/\/www.4ledlighting.com\/de\/produkt\/nisa\/","og_locale":"de_DE","og_type":"article","og_title":"Nisa | 4LED","og_description":"Die Nisa Beleuchtungsger\u00e4te f\u00fcr \u00f6ffentlichen R\u00e4ume bieten eine effiziente und \u00e4sthetische Alternative zur herk\u00f6mmlichen \u00f6ffentlichen Beleuchtung. Nisa zeichnet sich durch eine hochwertige, steuerbare und sehr effiziente Beleuchtung aus, bei einem um bis zu 80% reduzierten Verbrauch im Vergleich zu herk\u00f6mmlichen Ger\u00e4ten. Die moderne Form bietet eine hochwertige \u00e4sthetische Alternative.","og_url":"https:\/\/www.4ledlighting.com\/de\/produkt\/nisa\/","og_site_name":"4LED","article_publisher":"https:\/\/www.facebook.com\/4led.ro\/","article_modified_time":"2023-07-04T14:12:25+00:00","og_image":[{"width":1200,"height":1200,"url":"https:\/\/www.4ledlighting.com\/wp-content\/uploads\/2022\/11\/Nisa.webp","type":"image\/webp"}],"twitter_card":"summary_large_image","twitter_misc":{"Gesch\u00e4tzte Lesezeit":"1\u00a0Minute"},"schema":{"@context":"https:\/\/schema.org","@graph":[{"@type":"WebPage","@id":"https:\/\/www.4ledlighting.com\/de\/produkt\/nisa\/","url":"https:\/\/www.4ledlighting.com\/de\/produkt\/nisa\/","name":"Nisa | 4LED","isPartOf":{"@id":"https:\/\/www.4ledlighting.com\/#website"},"datePublished":"2022-11-10T09:38:46+00:00","dateModified":"2023-07-04T14:12:25+00:00","description":"Die Nisa Beleuchtungsger\u00e4te f\u00fcr \u00f6ffentlichen R\u00e4ume bieten eine effiziente und \u00e4sthetische Alternative zur herk\u00f6mmlichen \u00f6ffentlichen Beleuchtung. Nisa zeichnet sich durch eine hochwertige, steuerbare und sehr effiziente Beleuchtung aus, bei einem um bis zu 80% reduzierten Verbrauch im Vergleich zu herk\u00f6mmlichen Ger\u00e4ten. Die moderne Form bietet eine hochwertige \u00e4sthetische Alternative.","breadcrumb":{"@id":"https:\/\/www.4ledlighting.com\/de\/produkt\/nisa\/#breadcrumb"},"inLanguage":"de","potentialAction":[{"@type":"ReadAction","target":["https:\/\/www.4ledlighting.com\/de\/produkt\/nisa\/"]}]},{"@type":"BreadcrumbList","@id":"https:\/\/www.4ledlighting.com\/de\/produkt\/nisa\/#breadcrumb","itemListElement":[{"@type":"ListItem","position":1,"name":"LED-Beleuchtungsprodukte","item":"https:\/\/www.4ledlighting.com\/de\/led-beleuchtungsprodukte\/"},{"@type":"ListItem","position":2,"name":"Nisa"}]},{"@type":"WebSite","@id":"https:\/\/www.4ledlighting.com\/#website","url":"https:\/\/www.4ledlighting.com\/","name":"4LED","description":"Iluminat LED: office, industrial, comercial, medical","publisher":{"@id":"https:\/\/www.4ledlighting.com\/#organization"},"potentialAction":[{"@type":"SearchAction","target":{"@type":"EntryPoint","urlTemplate":"https:\/\/www.4ledlighting.com\/?s={search_term_string}"},"query-input":"required name=search_term_string"}],"inLanguage":"de"},{"@type":"Organization","@id":"https:\/\/www.4ledlighting.com\/#organization","name":"4LED","url":"https:\/\/www.4ledlighting.com\/","logo":{"@type":"ImageObject","inLanguage":"de","@id":"https:\/\/www.4ledlighting.com\/#\/schema\/logo\/image\/","url":"https:\/\/www.4ledlighting.com\/wp-content\/uploads\/2022\/08\/Group-15.png","contentUrl":"https:\/\/www.4ledlighting.com\/wp-content\/uploads\/2022\/08\/Group-15.png","width":55,"height":33,"caption":"4LED"},"image":{"@id":"https:\/\/www.4ledlighting.com\/#\/schema\/logo\/image\/"},"sameAs":["https:\/\/www.facebook.com\/4led.ro\/","https:\/\/www.linkedin.com\/company\/4led-lighting\/"]}]}},"_links":{"self":[{"href":"https:\/\/www.4ledlighting.com\/de\/wp-json\/wp\/v2\/product\/8208","targetHints":{"allow":["GET"]}}],"collection":[{"href":"https:\/\/www.4ledlighting.com\/de\/wp-json\/wp\/v2\/product"}],"about":[{"href":"https:\/\/www.4ledlighting.com\/de\/wp-json\/wp\/v2\/types\/product"}],"wp:featuredmedia":[{"embeddable":true,"href":"https:\/\/www.4ledlighting.com\/de\/wp-json\/wp\/v2\/media\/6814"}],"wp:attachment":[{"href":"https:\/\/www.4ledlighting.com\/de\/wp-json\/wp\/v2\/media?parent=8208"}],"wp:term":[{"taxonomy":"product_cat","embeddable":true,"href":"https:\/\/www.4ledlighting.com\/de\/wp-json\/wp\/v2\/product_cat?post=8208"},{"taxonomy":"product_tag","embeddable":true,"href":"https:\/\/www.4ledlighting.com\/de\/wp-json\/wp\/v2\/product_tag?post=8208"}],"curies":[{"name":"wp","href":"https:\/\/api.w.org\/{rel}","templated":true}]}}