{"id":8218,"date":"2022-11-10T10:12:32","date_gmt":"2022-11-10T10:12:32","guid":{"rendered":"https:\/\/www.4ledlighting.com\/product\/julius-3\/"},"modified":"2023-07-05T07:28:49","modified_gmt":"2023-07-05T07:28:49","slug":"julius-3","status":"publish","type":"product","link":"https:\/\/www.4ledlighting.com\/de\/produkt\/julius-3\/","title":{"rendered":"Julius 3"},"content":{"rendered":"<p><strong>Julius 3 ist ein LED-Strahler f\u00fcr den Au\u00dfenbereich, der f\u00fcr die vereinfachte architektonische Beleuchtung von <span class=\"dia_suggestion w6\" contextmenu=\"true\">Geb\u00e4uden<\/span> verwendet werden kann. Er wurde aus hochwertigen Materialien hergestellt und f\u00fcr <span class=\"dia_suggestion w5\" contextmenu=\"true\">die<\/span> <span class=\"dia_suggestion w5\" contextmenu=\"true\">Erf\u00fcllung<\/span> <span class=\"dia_suggestion w6\" contextmenu=\"true\">von<\/span> hohen Kundenanspr\u00fcchen verarbeitet.<\/strong><\/p>\n<p>\u2014<br \/>\n<strong>Intro:<\/strong><\/p>\n<p>Montagetyp: angewendet<br \/>\nLED Typ: SMD<br \/>\nSpannung: 100-305VAC \/ 50-60Hz<br \/>\nBetriebstemperatur: -20\/+40\u00b0C<br \/>\nUGR: &lt; 19<br \/>\nCRI: &gt; 80<br \/>\nPF: &gt; 0.9<br \/>\nWinkel: 90\u00b0<\/p>\n<p>\u2014<\/p>\n<h6>Vorteile:<\/h6>\n<ul>\n<li>Modernes und einfaches Design<\/li>\n<li>Einfache Struktur, leicht zu installieren<\/li>\n<li>\u00d6kologisch, es spart Energie im Vergleich zu herk\u00f6mmlichen Ger\u00e4ten<\/li>\n<\/ul>\n<p>\u2014<\/p>\n<h6>K\u00f6rper, Optik:<\/h6>\n<ul>\n<li>Geh\u00e4use aus Aluminiumlegierung, gegossen und veredelt, elektrostatisch lackiert, schwarz<\/li>\n<li>PC Diffusor, durchsichtig, geh\u00e4rtet<\/li>\n<\/ul>\n<p>\u2014<\/p>\n<h6 class=\"et_pb_text_inner\">Dateien herunterladen:<\/h6>\n<ul>\n<li class=\"et_pb_text_inner\"><a href=\"\/wp-content\/uploads\/2023\/07\/Julius-3-4LED-Product-sheet-DE.pdf\" target=\"_blank\" rel=\"noopener\">Produkt technischer Datenblatt (.pdf)<\/a><\/li>\n<li class=\"et_pb_text_inner\"><a href=\"\/wp-content\/uploads\/2023\/07\/Catalog-4LED-2022-GER-reduced-file-size.pdf\" target=\"_blank\" rel=\"noopener\">Produktkatalog 4LED<\/a><\/li>\n<\/ul>\n<p>\u2014<\/p>\n<p>&nbsp;<\/p>\n","protected":false},"excerpt":{"rendered":"<p>108W \u00bb 9180 Lm<br \/>\n150W \u00bb 12750 Lm<\/p>\n","protected":false},"featured_media":6821,"template":"","meta":[],"product_cat":[176,181],"product_tag":[],"class_list":["post-8218","product","type-product","status-publish","has-post-thumbnail","hentry","product_cat-im-aussenbereich","product_cat-architekturprojektoren"],"yoast_head":"<!-- This site is optimized with the Yoast SEO plugin v20.3 - https:\/\/yoast.com\/wordpress\/plugins\/seo\/ -->\n<title>Julius 3 | 4LED<\/title>\n<meta name=\"description\" content=\"Julius 3 ist ein LED-Strahler f\u00fcr den Au\u00dfenbereich, der f\u00fcr die vereinfachte architektonische Beleuchtung von Geb\u00e4uden verwendet werden kann. Er wurde aus hochwertigen Materialien hergestellt und f\u00fcr die Erf\u00fcllung von hohen Kundenanspr\u00fcchen verarbeitet.\" \/>\n<meta name=\"robots\" content=\"index, follow, max-snippet:-1, max-image-preview:large, max-video-preview:-1\" \/>\n<link rel=\"canonical\" href=\"https:\/\/www.4ledlighting.com\/de\/produkt\/julius-3\/\" \/>\n<meta property=\"og:locale\" content=\"de_DE\" \/>\n<meta property=\"og:type\" content=\"article\" \/>\n<meta property=\"og:title\" content=\"Julius 3 | 4LED\" \/>\n<meta property=\"og:description\" content=\"Julius 3 ist ein LED-Strahler f\u00fcr den Au\u00dfenbereich, der f\u00fcr die vereinfachte architektonische Beleuchtung von Geb\u00e4uden verwendet werden kann. Er wurde aus hochwertigen Materialien hergestellt und f\u00fcr die Erf\u00fcllung von hohen Kundenanspr\u00fcchen verarbeitet.\" \/>\n<meta property=\"og:url\" content=\"https:\/\/www.4ledlighting.com\/de\/produkt\/julius-3\/\" \/>\n<meta property=\"og:site_name\" content=\"4LED\" \/>\n<meta property=\"article:publisher\" content=\"https:\/\/www.facebook.com\/4led.ro\/\" \/>\n<meta property=\"article:modified_time\" content=\"2023-07-05T07:28:49+00:00\" \/>\n<meta property=\"og:image\" content=\"https:\/\/www.4ledlighting.com\/wp-content\/uploads\/2022\/11\/Julius_3.webp\" \/>\n\t<meta property=\"og:image:width\" content=\"334\" \/>\n\t<meta property=\"og:image:height\" content=\"334\" \/>\n\t<meta property=\"og:image:type\" content=\"image\/webp\" \/>\n<meta name=\"twitter:card\" content=\"summary_large_image\" \/>\n<meta name=\"twitter:label1\" content=\"Gesch\u00e4tzte Lesezeit\" \/>\n\t<meta name=\"twitter:data1\" content=\"1\u00a0Minute\" \/>\n<script type=\"application\/ld+json\" class=\"yoast-schema-graph\">{\"@context\":\"https:\/\/schema.org\",\"@graph\":[{\"@type\":\"WebPage\",\"@id\":\"https:\/\/www.4ledlighting.com\/de\/produkt\/julius-3\/\",\"url\":\"https:\/\/www.4ledlighting.com\/de\/produkt\/julius-3\/\",\"name\":\"Julius 3 | 4LED\",\"isPartOf\":{\"@id\":\"https:\/\/www.4ledlighting.com\/#website\"},\"datePublished\":\"2022-11-10T10:12:32+00:00\",\"dateModified\":\"2023-07-05T07:28:49+00:00\",\"description\":\"Julius 3 ist ein LED-Strahler f\u00fcr den Au\u00dfenbereich, der f\u00fcr die vereinfachte architektonische Beleuchtung von Geb\u00e4uden verwendet werden kann. Er wurde aus hochwertigen Materialien hergestellt und f\u00fcr die Erf\u00fcllung von hohen Kundenanspr\u00fcchen verarbeitet.\",\"breadcrumb\":{\"@id\":\"https:\/\/www.4ledlighting.com\/de\/produkt\/julius-3\/#breadcrumb\"},\"inLanguage\":\"de\",\"potentialAction\":[{\"@type\":\"ReadAction\",\"target\":[\"https:\/\/www.4ledlighting.com\/de\/produkt\/julius-3\/\"]}]},{\"@type\":\"BreadcrumbList\",\"@id\":\"https:\/\/www.4ledlighting.com\/de\/produkt\/julius-3\/#breadcrumb\",\"itemListElement\":[{\"@type\":\"ListItem\",\"position\":1,\"name\":\"LED-Beleuchtungsprodukte\",\"item\":\"https:\/\/www.4ledlighting.com\/de\/led-beleuchtungsprodukte\/\"},{\"@type\":\"ListItem\",\"position\":2,\"name\":\"Julius 3\"}]},{\"@type\":\"WebSite\",\"@id\":\"https:\/\/www.4ledlighting.com\/#website\",\"url\":\"https:\/\/www.4ledlighting.com\/\",\"name\":\"4LED\",\"description\":\"Iluminat LED: office, industrial, comercial, medical\",\"publisher\":{\"@id\":\"https:\/\/www.4ledlighting.com\/#organization\"},\"potentialAction\":[{\"@type\":\"SearchAction\",\"target\":{\"@type\":\"EntryPoint\",\"urlTemplate\":\"https:\/\/www.4ledlighting.com\/?s={search_term_string}\"},\"query-input\":\"required name=search_term_string\"}],\"inLanguage\":\"de\"},{\"@type\":\"Organization\",\"@id\":\"https:\/\/www.4ledlighting.com\/#organization\",\"name\":\"4LED\",\"url\":\"https:\/\/www.4ledlighting.com\/\",\"logo\":{\"@type\":\"ImageObject\",\"inLanguage\":\"de\",\"@id\":\"https:\/\/www.4ledlighting.com\/#\/schema\/logo\/image\/\",\"url\":\"https:\/\/www.4ledlighting.com\/wp-content\/uploads\/2022\/08\/Group-15.png\",\"contentUrl\":\"https:\/\/www.4ledlighting.com\/wp-content\/uploads\/2022\/08\/Group-15.png\",\"width\":55,\"height\":33,\"caption\":\"4LED\"},\"image\":{\"@id\":\"https:\/\/www.4ledlighting.com\/#\/schema\/logo\/image\/\"},\"sameAs\":[\"https:\/\/www.facebook.com\/4led.ro\/\",\"https:\/\/www.linkedin.com\/company\/4led-lighting\/\"]}]}<\/script>\n<!-- \/ Yoast SEO plugin. -->","yoast_head_json":{"title":"Julius 3 | 4LED","description":"Julius 3 ist ein LED-Strahler f\u00fcr den Au\u00dfenbereich, der f\u00fcr die vereinfachte architektonische Beleuchtung von Geb\u00e4uden verwendet werden kann. Er wurde aus hochwertigen Materialien hergestellt und f\u00fcr die Erf\u00fcllung von hohen Kundenanspr\u00fcchen verarbeitet.","robots":{"index":"index","follow":"follow","max-snippet":"max-snippet:-1","max-image-preview":"max-image-preview:large","max-video-preview":"max-video-preview:-1"},"canonical":"https:\/\/www.4ledlighting.com\/de\/produkt\/julius-3\/","og_locale":"de_DE","og_type":"article","og_title":"Julius 3 | 4LED","og_description":"Julius 3 ist ein LED-Strahler f\u00fcr den Au\u00dfenbereich, der f\u00fcr die vereinfachte architektonische Beleuchtung von Geb\u00e4uden verwendet werden kann. Er wurde aus hochwertigen Materialien hergestellt und f\u00fcr die Erf\u00fcllung von hohen Kundenanspr\u00fcchen verarbeitet.","og_url":"https:\/\/www.4ledlighting.com\/de\/produkt\/julius-3\/","og_site_name":"4LED","article_publisher":"https:\/\/www.facebook.com\/4led.ro\/","article_modified_time":"2023-07-05T07:28:49+00:00","og_image":[{"width":334,"height":334,"url":"https:\/\/www.4ledlighting.com\/wp-content\/uploads\/2022\/11\/Julius_3.webp","type":"image\/webp"}],"twitter_card":"summary_large_image","twitter_misc":{"Gesch\u00e4tzte Lesezeit":"1\u00a0Minute"},"schema":{"@context":"https:\/\/schema.org","@graph":[{"@type":"WebPage","@id":"https:\/\/www.4ledlighting.com\/de\/produkt\/julius-3\/","url":"https:\/\/www.4ledlighting.com\/de\/produkt\/julius-3\/","name":"Julius 3 | 4LED","isPartOf":{"@id":"https:\/\/www.4ledlighting.com\/#website"},"datePublished":"2022-11-10T10:12:32+00:00","dateModified":"2023-07-05T07:28:49+00:00","description":"Julius 3 ist ein LED-Strahler f\u00fcr den Au\u00dfenbereich, der f\u00fcr die vereinfachte architektonische Beleuchtung von Geb\u00e4uden verwendet werden kann. Er wurde aus hochwertigen Materialien hergestellt und f\u00fcr die Erf\u00fcllung von hohen Kundenanspr\u00fcchen verarbeitet.","breadcrumb":{"@id":"https:\/\/www.4ledlighting.com\/de\/produkt\/julius-3\/#breadcrumb"},"inLanguage":"de","potentialAction":[{"@type":"ReadAction","target":["https:\/\/www.4ledlighting.com\/de\/produkt\/julius-3\/"]}]},{"@type":"BreadcrumbList","@id":"https:\/\/www.4ledlighting.com\/de\/produkt\/julius-3\/#breadcrumb","itemListElement":[{"@type":"ListItem","position":1,"name":"LED-Beleuchtungsprodukte","item":"https:\/\/www.4ledlighting.com\/de\/led-beleuchtungsprodukte\/"},{"@type":"ListItem","position":2,"name":"Julius 3"}]},{"@type":"WebSite","@id":"https:\/\/www.4ledlighting.com\/#website","url":"https:\/\/www.4ledlighting.com\/","name":"4LED","description":"Iluminat LED: office, industrial, comercial, medical","publisher":{"@id":"https:\/\/www.4ledlighting.com\/#organization"},"potentialAction":[{"@type":"SearchAction","target":{"@type":"EntryPoint","urlTemplate":"https:\/\/www.4ledlighting.com\/?s={search_term_string}"},"query-input":"required name=search_term_string"}],"inLanguage":"de"},{"@type":"Organization","@id":"https:\/\/www.4ledlighting.com\/#organization","name":"4LED","url":"https:\/\/www.4ledlighting.com\/","logo":{"@type":"ImageObject","inLanguage":"de","@id":"https:\/\/www.4ledlighting.com\/#\/schema\/logo\/image\/","url":"https:\/\/www.4ledlighting.com\/wp-content\/uploads\/2022\/08\/Group-15.png","contentUrl":"https:\/\/www.4ledlighting.com\/wp-content\/uploads\/2022\/08\/Group-15.png","width":55,"height":33,"caption":"4LED"},"image":{"@id":"https:\/\/www.4ledlighting.com\/#\/schema\/logo\/image\/"},"sameAs":["https:\/\/www.facebook.com\/4led.ro\/","https:\/\/www.linkedin.com\/company\/4led-lighting\/"]}]}},"_links":{"self":[{"href":"https:\/\/www.4ledlighting.com\/de\/wp-json\/wp\/v2\/product\/8218","targetHints":{"allow":["GET"]}}],"collection":[{"href":"https:\/\/www.4ledlighting.com\/de\/wp-json\/wp\/v2\/product"}],"about":[{"href":"https:\/\/www.4ledlighting.com\/de\/wp-json\/wp\/v2\/types\/product"}],"wp:featuredmedia":[{"embeddable":true,"href":"https:\/\/www.4ledlighting.com\/de\/wp-json\/wp\/v2\/media\/6821"}],"wp:attachment":[{"href":"https:\/\/www.4ledlighting.com\/de\/wp-json\/wp\/v2\/media?parent=8218"}],"wp:term":[{"taxonomy":"product_cat","embeddable":true,"href":"https:\/\/www.4ledlighting.com\/de\/wp-json\/wp\/v2\/product_cat?post=8218"},{"taxonomy":"product_tag","embeddable":true,"href":"https:\/\/www.4ledlighting.com\/de\/wp-json\/wp\/v2\/product_tag?post=8218"}],"curies":[{"name":"wp","href":"https:\/\/api.w.org\/{rel}","templated":true}]}}