{"id":8240,"date":"2022-11-09T11:09:28","date_gmt":"2022-11-09T11:09:28","guid":{"rendered":"https:\/\/www.4ledlighting.com\/product\/soest-cob\/"},"modified":"2023-07-04T13:53:28","modified_gmt":"2023-07-04T13:53:28","slug":"soest-cob","status":"publish","type":"product","link":"https:\/\/www.4ledlighting.com\/de\/produkt\/soest-cob\/","title":{"rendered":"Soest COB"},"content":{"rendered":"<p><strong>Der LED Soest COB Strahler kann herk\u00f6mmliche Leuchten perfekt ersetzen. Es handelt sich um eine Au\u00dfenleuchte, die auf Gehwegen oder an W\u00e4nden angebracht werden kann. Sie ist aus hochwertigen Materialien gefertigt <span class=\"dia_suggestion w7\" contextmenu=\"true\">und<\/span> <span class=\"dia_suggestion w7\" contextmenu=\"true\">erf\u00fcllt<\/span> <span class=\"dia_suggestion w8\" contextmenu=\"true\">die<\/span> h\u00f6chsten Kundenanforderungen.<\/strong><\/p>\n<p>\u2014<br \/>\n<strong>Intro:<\/strong><\/p>\n<p>Montagetyp: angewendet<br \/>\nLED Typ: COB<br \/>\nSpannung: 200-240VAC \/ 50-60Hz<br \/>\nBetriebstemperatur: -10\/+40\u00b0C<br \/>\nUGR: &lt; 19<br \/>\nCRI: &gt; 80<br \/>\nPF: &gt; 0.9<br \/>\nWinkel: 110\u00b0<\/p>\n<p>\u2014<\/p>\n<h6>Vorteile:<\/h6>\n<ul>\n<li>Modernes und einfaches Design<\/li>\n<li>Einfache Struktur, leicht zu installieren<\/li>\n<li>Energiesparend und umweltfreundlich, CE RoHS-konform<\/li>\n<li>Hocheffizientes W\u00e4rmemanagement<\/li>\n<li>Betrieb bei niedrigen Temperaturen<\/li>\n<li>Hohe Stabilit\u00e4t des Dauerbetriebs<\/li>\n<\/ul>\n<p>\u2014<\/p>\n<h6>K\u00f6rper und Optik:<\/h6>\n<ul>\n<li>Geh\u00e4use aus reinem Aluminium, gegossen und veredelt, elektrostatisch lackiert.<\/li>\n<li>PMMA-Dispergierer, mattwei\u00df, fein strukturiert.<\/li>\n<\/ul>\n<p>\u2014<\/p>\n<h6 class=\"et_pb_text_inner\">Dateien herunterladen:<\/h6>\n<ul>\n<li class=\"et_pb_text_inner\"><a href=\"\/wp-content\/uploads\/2023\/07\/Soest-COB-4LED-Product-sheet-DE.pdf\" target=\"_blank\" rel=\"noopener\">Produkt technischer Datenblatt (.pdf)<\/a><\/li>\n<li class=\"et_pb_text_inner\"><a href=\"\/wp-content\/uploads\/2023\/07\/Catalog-4LED-2022-GER-reduced-file-size.pdf\" target=\"_blank\" rel=\"noopener\">Produktkatalog 4LED<\/a><\/li>\n<\/ul>\n<p>\u2014<\/p>\n","protected":false},"excerpt":{"rendered":"<p>13W \u00bb 1300 Lm<\/p>\n","protected":false},"featured_media":6830,"template":"","meta":[],"product_cat":[176,183],"product_tag":[],"class_list":["post-8240","product","type-product","status-publish","has-post-thumbnail","hentry","product_cat-im-aussenbereich","product_cat-gartenstrahler"],"yoast_head":"<!-- This site is optimized with the Yoast SEO plugin v20.3 - https:\/\/yoast.com\/wordpress\/plugins\/seo\/ -->\n<title>Soest COB | 4LED<\/title>\n<meta name=\"description\" content=\"Der LED Soest COB Strahler kann herk\u00f6mmliche Leuchten perfekt ersetzen. Es handelt sich um eine Au\u00dfenleuchte, die auf Gehwegen oder an W\u00e4nden angebracht werden kann. Sie ist aus hochwertigen Materialien gefertigt und erf\u00fcllt die h\u00f6chsten Kundenanforderungen.\" \/>\n<meta name=\"robots\" content=\"index, follow, max-snippet:-1, max-image-preview:large, max-video-preview:-1\" \/>\n<link rel=\"canonical\" href=\"https:\/\/www.4ledlighting.com\/de\/produkt\/soest-cob\/\" \/>\n<meta property=\"og:locale\" content=\"de_DE\" \/>\n<meta property=\"og:type\" content=\"article\" \/>\n<meta property=\"og:title\" content=\"Soest COB | 4LED\" \/>\n<meta property=\"og:description\" content=\"Der LED Soest COB Strahler kann herk\u00f6mmliche Leuchten perfekt ersetzen. Es handelt sich um eine Au\u00dfenleuchte, die auf Gehwegen oder an W\u00e4nden angebracht werden kann. Sie ist aus hochwertigen Materialien gefertigt und erf\u00fcllt die h\u00f6chsten Kundenanforderungen.\" \/>\n<meta property=\"og:url\" content=\"https:\/\/www.4ledlighting.com\/de\/produkt\/soest-cob\/\" \/>\n<meta property=\"og:site_name\" content=\"4LED\" \/>\n<meta property=\"article:publisher\" content=\"https:\/\/www.facebook.com\/4led.ro\/\" \/>\n<meta property=\"article:modified_time\" content=\"2023-07-04T13:53:28+00:00\" \/>\n<meta property=\"og:image\" content=\"https:\/\/www.4ledlighting.com\/wp-content\/uploads\/2022\/11\/Soest-COB.webp\" \/>\n\t<meta property=\"og:image:width\" content=\"280\" \/>\n\t<meta property=\"og:image:height\" content=\"280\" \/>\n\t<meta property=\"og:image:type\" content=\"image\/webp\" \/>\n<meta name=\"twitter:card\" content=\"summary_large_image\" \/>\n<meta name=\"twitter:label1\" content=\"Gesch\u00e4tzte Lesezeit\" \/>\n\t<meta name=\"twitter:data1\" content=\"1\u00a0Minute\" \/>\n<script type=\"application\/ld+json\" class=\"yoast-schema-graph\">{\"@context\":\"https:\/\/schema.org\",\"@graph\":[{\"@type\":\"WebPage\",\"@id\":\"https:\/\/www.4ledlighting.com\/de\/produkt\/soest-cob\/\",\"url\":\"https:\/\/www.4ledlighting.com\/de\/produkt\/soest-cob\/\",\"name\":\"Soest COB | 4LED\",\"isPartOf\":{\"@id\":\"https:\/\/www.4ledlighting.com\/#website\"},\"datePublished\":\"2022-11-09T11:09:28+00:00\",\"dateModified\":\"2023-07-04T13:53:28+00:00\",\"description\":\"Der LED Soest COB Strahler kann herk\u00f6mmliche Leuchten perfekt ersetzen. Es handelt sich um eine Au\u00dfenleuchte, die auf Gehwegen oder an W\u00e4nden angebracht werden kann. Sie ist aus hochwertigen Materialien gefertigt und erf\u00fcllt die h\u00f6chsten Kundenanforderungen.\",\"breadcrumb\":{\"@id\":\"https:\/\/www.4ledlighting.com\/de\/produkt\/soest-cob\/#breadcrumb\"},\"inLanguage\":\"de\",\"potentialAction\":[{\"@type\":\"ReadAction\",\"target\":[\"https:\/\/www.4ledlighting.com\/de\/produkt\/soest-cob\/\"]}]},{\"@type\":\"BreadcrumbList\",\"@id\":\"https:\/\/www.4ledlighting.com\/de\/produkt\/soest-cob\/#breadcrumb\",\"itemListElement\":[{\"@type\":\"ListItem\",\"position\":1,\"name\":\"LED-Beleuchtungsprodukte\",\"item\":\"https:\/\/www.4ledlighting.com\/de\/led-beleuchtungsprodukte\/\"},{\"@type\":\"ListItem\",\"position\":2,\"name\":\"Soest COB\"}]},{\"@type\":\"WebSite\",\"@id\":\"https:\/\/www.4ledlighting.com\/#website\",\"url\":\"https:\/\/www.4ledlighting.com\/\",\"name\":\"4LED\",\"description\":\"Iluminat LED: office, industrial, comercial, medical\",\"publisher\":{\"@id\":\"https:\/\/www.4ledlighting.com\/#organization\"},\"potentialAction\":[{\"@type\":\"SearchAction\",\"target\":{\"@type\":\"EntryPoint\",\"urlTemplate\":\"https:\/\/www.4ledlighting.com\/?s={search_term_string}\"},\"query-input\":\"required name=search_term_string\"}],\"inLanguage\":\"de\"},{\"@type\":\"Organization\",\"@id\":\"https:\/\/www.4ledlighting.com\/#organization\",\"name\":\"4LED\",\"url\":\"https:\/\/www.4ledlighting.com\/\",\"logo\":{\"@type\":\"ImageObject\",\"inLanguage\":\"de\",\"@id\":\"https:\/\/www.4ledlighting.com\/#\/schema\/logo\/image\/\",\"url\":\"https:\/\/www.4ledlighting.com\/wp-content\/uploads\/2022\/08\/Group-15.png\",\"contentUrl\":\"https:\/\/www.4ledlighting.com\/wp-content\/uploads\/2022\/08\/Group-15.png\",\"width\":55,\"height\":33,\"caption\":\"4LED\"},\"image\":{\"@id\":\"https:\/\/www.4ledlighting.com\/#\/schema\/logo\/image\/\"},\"sameAs\":[\"https:\/\/www.facebook.com\/4led.ro\/\",\"https:\/\/www.linkedin.com\/company\/4led-lighting\/\"]}]}<\/script>\n<!-- \/ Yoast SEO plugin. -->","yoast_head_json":{"title":"Soest COB | 4LED","description":"Der LED Soest COB Strahler kann herk\u00f6mmliche Leuchten perfekt ersetzen. Es handelt sich um eine Au\u00dfenleuchte, die auf Gehwegen oder an W\u00e4nden angebracht werden kann. Sie ist aus hochwertigen Materialien gefertigt und erf\u00fcllt die h\u00f6chsten Kundenanforderungen.","robots":{"index":"index","follow":"follow","max-snippet":"max-snippet:-1","max-image-preview":"max-image-preview:large","max-video-preview":"max-video-preview:-1"},"canonical":"https:\/\/www.4ledlighting.com\/de\/produkt\/soest-cob\/","og_locale":"de_DE","og_type":"article","og_title":"Soest COB | 4LED","og_description":"Der LED Soest COB Strahler kann herk\u00f6mmliche Leuchten perfekt ersetzen. Es handelt sich um eine Au\u00dfenleuchte, die auf Gehwegen oder an W\u00e4nden angebracht werden kann. Sie ist aus hochwertigen Materialien gefertigt und erf\u00fcllt die h\u00f6chsten Kundenanforderungen.","og_url":"https:\/\/www.4ledlighting.com\/de\/produkt\/soest-cob\/","og_site_name":"4LED","article_publisher":"https:\/\/www.facebook.com\/4led.ro\/","article_modified_time":"2023-07-04T13:53:28+00:00","og_image":[{"width":280,"height":280,"url":"https:\/\/www.4ledlighting.com\/wp-content\/uploads\/2022\/11\/Soest-COB.webp","type":"image\/webp"}],"twitter_card":"summary_large_image","twitter_misc":{"Gesch\u00e4tzte Lesezeit":"1\u00a0Minute"},"schema":{"@context":"https:\/\/schema.org","@graph":[{"@type":"WebPage","@id":"https:\/\/www.4ledlighting.com\/de\/produkt\/soest-cob\/","url":"https:\/\/www.4ledlighting.com\/de\/produkt\/soest-cob\/","name":"Soest COB | 4LED","isPartOf":{"@id":"https:\/\/www.4ledlighting.com\/#website"},"datePublished":"2022-11-09T11:09:28+00:00","dateModified":"2023-07-04T13:53:28+00:00","description":"Der LED Soest COB Strahler kann herk\u00f6mmliche Leuchten perfekt ersetzen. Es handelt sich um eine Au\u00dfenleuchte, die auf Gehwegen oder an W\u00e4nden angebracht werden kann. Sie ist aus hochwertigen Materialien gefertigt und erf\u00fcllt die h\u00f6chsten Kundenanforderungen.","breadcrumb":{"@id":"https:\/\/www.4ledlighting.com\/de\/produkt\/soest-cob\/#breadcrumb"},"inLanguage":"de","potentialAction":[{"@type":"ReadAction","target":["https:\/\/www.4ledlighting.com\/de\/produkt\/soest-cob\/"]}]},{"@type":"BreadcrumbList","@id":"https:\/\/www.4ledlighting.com\/de\/produkt\/soest-cob\/#breadcrumb","itemListElement":[{"@type":"ListItem","position":1,"name":"LED-Beleuchtungsprodukte","item":"https:\/\/www.4ledlighting.com\/de\/led-beleuchtungsprodukte\/"},{"@type":"ListItem","position":2,"name":"Soest COB"}]},{"@type":"WebSite","@id":"https:\/\/www.4ledlighting.com\/#website","url":"https:\/\/www.4ledlighting.com\/","name":"4LED","description":"Iluminat LED: office, industrial, comercial, medical","publisher":{"@id":"https:\/\/www.4ledlighting.com\/#organization"},"potentialAction":[{"@type":"SearchAction","target":{"@type":"EntryPoint","urlTemplate":"https:\/\/www.4ledlighting.com\/?s={search_term_string}"},"query-input":"required name=search_term_string"}],"inLanguage":"de"},{"@type":"Organization","@id":"https:\/\/www.4ledlighting.com\/#organization","name":"4LED","url":"https:\/\/www.4ledlighting.com\/","logo":{"@type":"ImageObject","inLanguage":"de","@id":"https:\/\/www.4ledlighting.com\/#\/schema\/logo\/image\/","url":"https:\/\/www.4ledlighting.com\/wp-content\/uploads\/2022\/08\/Group-15.png","contentUrl":"https:\/\/www.4ledlighting.com\/wp-content\/uploads\/2022\/08\/Group-15.png","width":55,"height":33,"caption":"4LED"},"image":{"@id":"https:\/\/www.4ledlighting.com\/#\/schema\/logo\/image\/"},"sameAs":["https:\/\/www.facebook.com\/4led.ro\/","https:\/\/www.linkedin.com\/company\/4led-lighting\/"]}]}},"_links":{"self":[{"href":"https:\/\/www.4ledlighting.com\/de\/wp-json\/wp\/v2\/product\/8240","targetHints":{"allow":["GET"]}}],"collection":[{"href":"https:\/\/www.4ledlighting.com\/de\/wp-json\/wp\/v2\/product"}],"about":[{"href":"https:\/\/www.4ledlighting.com\/de\/wp-json\/wp\/v2\/types\/product"}],"wp:featuredmedia":[{"embeddable":true,"href":"https:\/\/www.4ledlighting.com\/de\/wp-json\/wp\/v2\/media\/6830"}],"wp:attachment":[{"href":"https:\/\/www.4ledlighting.com\/de\/wp-json\/wp\/v2\/media?parent=8240"}],"wp:term":[{"taxonomy":"product_cat","embeddable":true,"href":"https:\/\/www.4ledlighting.com\/de\/wp-json\/wp\/v2\/product_cat?post=8240"},{"taxonomy":"product_tag","embeddable":true,"href":"https:\/\/www.4ledlighting.com\/de\/wp-json\/wp\/v2\/product_tag?post=8240"}],"curies":[{"name":"wp","href":"https:\/\/api.w.org\/{rel}","templated":true}]}}