{"id":8167,"date":"2022-11-09T09:02:54","date_gmt":"2022-11-09T09:02:54","guid":{"rendered":"https:\/\/www.4ledlighting.com\/product\/broek\/"},"modified":"2023-07-04T06:18:16","modified_gmt":"2023-07-04T06:18:16","slug":"broek","status":"publish","type":"product","link":"https:\/\/www.4ledlighting.com\/en\/product\/broek\/","title":{"rendered":"Broek"},"content":{"rendered":"<p><strong>Broek este un corp de iluminat pentru exterior, realizat din materiale de \u00eenalt\u0103 calitate, finisate astfel \u00eenc<span class=\"dia_suggestion w7\" contextmenu=\"true\">\u00e2t<\/span> <span class=\"dia_suggestion w7\" contextmenu=\"true\">s\u0103<\/span> <span class=\"dia_suggestion w8\" contextmenu=\"true\">satisfac\u0103 <\/span>exigen\u021bele cele mai \u00eenalte ale clien\u021bilor.<\/strong><\/p>\n<p>\u2014<br \/>\n<strong>Intro:<\/strong><\/p>\n<p>Mounting type: applied<br \/>\nLED type: SMD<br \/>\nVoltage: 200-240VAC \/ 50-60Hz<br \/>\nUse temperature: -20\/+45\u00b0C<br \/>\nUGR: &lt; 19<br \/>\nCRI: &gt; 80<br \/>\nPF: &gt; 0.9<br \/>\nAngle: 90\u00b0<\/p>\n<p>\u2014<\/p>\n<h6>Benefits:<\/h6>\n<ul>\n<li>Modern and simple design<\/li>\n<li>Simple structure, easy to install.<\/li>\n<li>It saves energy compared to traditional appliances and is environmentally friendly<\/li>\n<\/ul>\n<p>\u2014<\/p>\n<h6 class=\"et_pb_text_inner\">Download files:<\/h6>\n<ul>\n<li class=\"et_pb_text_inner\"><a href=\"\/wp-content\/uploads\/2023\/07\/Broek-4LED-Product-sheet-EN.pdf\" target=\"_blank\" rel=\"noopener\">Product data sheet (.pdf)<\/a><\/li>\n<li class=\"et_pb_text_inner\"><a href=\"\/wp-content\/uploads\/2023\/07\/Catalog-4LED-2022-EN-reduced-file-size.pdf\" target=\"_blank\" rel=\"noopener\">4LED product catalogue<\/a><\/li>\n<\/ul>\n<p>\u2014<\/p>\n","protected":false},"excerpt":{"rendered":"<p>7W \u00bb 600 Lm<br \/>\n13W \u00bb 1200 Lm<\/p>\n","protected":false},"featured_media":7558,"template":"","meta":[],"product_cat":[192,193],"product_tag":[],"class_list":["post-8167","product","type-product","status-publish","has-post-thumbnail","hentry","product_cat-outdoor","product_cat-ceiling-and-wall-fixtures-outdoor"],"yoast_head":"<!-- This site is optimized with the Yoast SEO plugin v20.3 - https:\/\/yoast.com\/wordpress\/plugins\/seo\/ -->\n<title>Broek | 4LED<\/title>\n<meta name=\"description\" content=\"Broek is an outdoor light fixture made of high quality materials, finished to meet the highest customer requirements.\" \/>\n<meta name=\"robots\" content=\"index, follow, max-snippet:-1, max-image-preview:large, max-video-preview:-1\" \/>\n<link rel=\"canonical\" href=\"https:\/\/www.4ledlighting.com\/en\/product\/broek\/\" \/>\n<meta property=\"og:locale\" content=\"en_US\" \/>\n<meta property=\"og:type\" content=\"article\" \/>\n<meta property=\"og:title\" content=\"Broek | 4LED\" \/>\n<meta property=\"og:description\" content=\"Broek is an outdoor light fixture made of high quality materials, finished to meet the highest customer requirements.\" \/>\n<meta property=\"og:url\" content=\"https:\/\/www.4ledlighting.com\/en\/product\/broek\/\" \/>\n<meta property=\"og:site_name\" content=\"4LED\" \/>\n<meta property=\"article:publisher\" content=\"https:\/\/www.facebook.com\/4led.ro\/\" \/>\n<meta property=\"article:modified_time\" content=\"2023-07-04T06:18:16+00:00\" \/>\n<meta property=\"og:image\" content=\"https:\/\/www.4ledlighting.com\/wp-content\/uploads\/2022\/11\/Broek.webp\" \/>\n\t<meta property=\"og:image:width\" content=\"365\" \/>\n\t<meta property=\"og:image:height\" content=\"365\" \/>\n\t<meta property=\"og:image:type\" content=\"image\/webp\" \/>\n<meta name=\"twitter:card\" content=\"summary_large_image\" \/>\n<meta name=\"twitter:label1\" content=\"Est. reading time\" \/>\n\t<meta name=\"twitter:data1\" content=\"1 minute\" \/>\n<script type=\"application\/ld+json\" class=\"yoast-schema-graph\">{\"@context\":\"https:\/\/schema.org\",\"@graph\":[{\"@type\":\"WebPage\",\"@id\":\"https:\/\/www.4ledlighting.com\/en\/product\/broek\/\",\"url\":\"https:\/\/www.4ledlighting.com\/en\/product\/broek\/\",\"name\":\"Broek | 4LED\",\"isPartOf\":{\"@id\":\"https:\/\/www.4ledlighting.com\/#website\"},\"datePublished\":\"2022-11-09T09:02:54+00:00\",\"dateModified\":\"2023-07-04T06:18:16+00:00\",\"description\":\"Broek is an outdoor light fixture made of high quality materials, finished to meet the highest customer requirements.\",\"breadcrumb\":{\"@id\":\"https:\/\/www.4ledlighting.com\/en\/product\/broek\/#breadcrumb\"},\"inLanguage\":\"en-US\",\"potentialAction\":[{\"@type\":\"ReadAction\",\"target\":[\"https:\/\/www.4ledlighting.com\/en\/product\/broek\/\"]}]},{\"@type\":\"BreadcrumbList\",\"@id\":\"https:\/\/www.4ledlighting.com\/en\/product\/broek\/#breadcrumb\",\"itemListElement\":[{\"@type\":\"ListItem\",\"position\":1,\"name\":\"LED lighting products\",\"item\":\"https:\/\/www.4ledlighting.com\/en\/led-lighting-products\/\"},{\"@type\":\"ListItem\",\"position\":2,\"name\":\"Broek\"}]},{\"@type\":\"WebSite\",\"@id\":\"https:\/\/www.4ledlighting.com\/#website\",\"url\":\"https:\/\/www.4ledlighting.com\/\",\"name\":\"4LED\",\"description\":\"Iluminat LED: office, industrial, comercial, medical\",\"publisher\":{\"@id\":\"https:\/\/www.4ledlighting.com\/#organization\"},\"potentialAction\":[{\"@type\":\"SearchAction\",\"target\":{\"@type\":\"EntryPoint\",\"urlTemplate\":\"https:\/\/www.4ledlighting.com\/?s={search_term_string}\"},\"query-input\":\"required name=search_term_string\"}],\"inLanguage\":\"en-US\"},{\"@type\":\"Organization\",\"@id\":\"https:\/\/www.4ledlighting.com\/#organization\",\"name\":\"4LED\",\"url\":\"https:\/\/www.4ledlighting.com\/\",\"logo\":{\"@type\":\"ImageObject\",\"inLanguage\":\"en-US\",\"@id\":\"https:\/\/www.4ledlighting.com\/#\/schema\/logo\/image\/\",\"url\":\"https:\/\/www.4ledlighting.com\/wp-content\/uploads\/2022\/08\/Group-15.png\",\"contentUrl\":\"https:\/\/www.4ledlighting.com\/wp-content\/uploads\/2022\/08\/Group-15.png\",\"width\":55,\"height\":33,\"caption\":\"4LED\"},\"image\":{\"@id\":\"https:\/\/www.4ledlighting.com\/#\/schema\/logo\/image\/\"},\"sameAs\":[\"https:\/\/www.facebook.com\/4led.ro\/\",\"https:\/\/www.linkedin.com\/company\/4led-lighting\/\"]}]}<\/script>\n<!-- \/ Yoast SEO plugin. -->","yoast_head_json":{"title":"Broek | 4LED","description":"Broek is an outdoor light fixture made of high quality materials, finished to meet the highest customer requirements.","robots":{"index":"index","follow":"follow","max-snippet":"max-snippet:-1","max-image-preview":"max-image-preview:large","max-video-preview":"max-video-preview:-1"},"canonical":"https:\/\/www.4ledlighting.com\/en\/product\/broek\/","og_locale":"en_US","og_type":"article","og_title":"Broek | 4LED","og_description":"Broek is an outdoor light fixture made of high quality materials, finished to meet the highest customer requirements.","og_url":"https:\/\/www.4ledlighting.com\/en\/product\/broek\/","og_site_name":"4LED","article_publisher":"https:\/\/www.facebook.com\/4led.ro\/","article_modified_time":"2023-07-04T06:18:16+00:00","og_image":[{"width":365,"height":365,"url":"https:\/\/www.4ledlighting.com\/wp-content\/uploads\/2022\/11\/Broek.webp","type":"image\/webp"}],"twitter_card":"summary_large_image","twitter_misc":{"Est. reading time":"1 minute"},"schema":{"@context":"https:\/\/schema.org","@graph":[{"@type":"WebPage","@id":"https:\/\/www.4ledlighting.com\/en\/product\/broek\/","url":"https:\/\/www.4ledlighting.com\/en\/product\/broek\/","name":"Broek | 4LED","isPartOf":{"@id":"https:\/\/www.4ledlighting.com\/#website"},"datePublished":"2022-11-09T09:02:54+00:00","dateModified":"2023-07-04T06:18:16+00:00","description":"Broek is an outdoor light fixture made of high quality materials, finished to meet the highest customer requirements.","breadcrumb":{"@id":"https:\/\/www.4ledlighting.com\/en\/product\/broek\/#breadcrumb"},"inLanguage":"en-US","potentialAction":[{"@type":"ReadAction","target":["https:\/\/www.4ledlighting.com\/en\/product\/broek\/"]}]},{"@type":"BreadcrumbList","@id":"https:\/\/www.4ledlighting.com\/en\/product\/broek\/#breadcrumb","itemListElement":[{"@type":"ListItem","position":1,"name":"LED lighting products","item":"https:\/\/www.4ledlighting.com\/en\/led-lighting-products\/"},{"@type":"ListItem","position":2,"name":"Broek"}]},{"@type":"WebSite","@id":"https:\/\/www.4ledlighting.com\/#website","url":"https:\/\/www.4ledlighting.com\/","name":"4LED","description":"Iluminat LED: office, industrial, comercial, medical","publisher":{"@id":"https:\/\/www.4ledlighting.com\/#organization"},"potentialAction":[{"@type":"SearchAction","target":{"@type":"EntryPoint","urlTemplate":"https:\/\/www.4ledlighting.com\/?s={search_term_string}"},"query-input":"required name=search_term_string"}],"inLanguage":"en-US"},{"@type":"Organization","@id":"https:\/\/www.4ledlighting.com\/#organization","name":"4LED","url":"https:\/\/www.4ledlighting.com\/","logo":{"@type":"ImageObject","inLanguage":"en-US","@id":"https:\/\/www.4ledlighting.com\/#\/schema\/logo\/image\/","url":"https:\/\/www.4ledlighting.com\/wp-content\/uploads\/2022\/08\/Group-15.png","contentUrl":"https:\/\/www.4ledlighting.com\/wp-content\/uploads\/2022\/08\/Group-15.png","width":55,"height":33,"caption":"4LED"},"image":{"@id":"https:\/\/www.4ledlighting.com\/#\/schema\/logo\/image\/"},"sameAs":["https:\/\/www.facebook.com\/4led.ro\/","https:\/\/www.linkedin.com\/company\/4led-lighting\/"]}]}},"_links":{"self":[{"href":"https:\/\/www.4ledlighting.com\/en\/wp-json\/wp\/v2\/product\/8167","targetHints":{"allow":["GET"]}}],"collection":[{"href":"https:\/\/www.4ledlighting.com\/en\/wp-json\/wp\/v2\/product"}],"about":[{"href":"https:\/\/www.4ledlighting.com\/en\/wp-json\/wp\/v2\/types\/product"}],"wp:featuredmedia":[{"embeddable":true,"href":"https:\/\/www.4ledlighting.com\/en\/wp-json\/wp\/v2\/media\/7558"}],"wp:attachment":[{"href":"https:\/\/www.4ledlighting.com\/en\/wp-json\/wp\/v2\/media?parent=8167"}],"wp:term":[{"taxonomy":"product_cat","embeddable":true,"href":"https:\/\/www.4ledlighting.com\/en\/wp-json\/wp\/v2\/product_cat?post=8167"},{"taxonomy":"product_tag","embeddable":true,"href":"https:\/\/www.4ledlighting.com\/en\/wp-json\/wp\/v2\/product_tag?post=8167"}],"curies":[{"name":"wp","href":"https:\/\/api.w.org\/{rel}","templated":true}]}}